{"id":100,"date":"2020-10-28T10:57:15","date_gmt":"2020-10-28T10:57:15","guid":{"rendered":"https:\/\/shopium.eu\/rs\/?page_id=100"},"modified":"2023-04-25T14:59:52","modified_gmt":"2023-04-25T12:59:52","slug":"uslovi-poslovanja","status":"publish","type":"page","link":"https:\/\/cartium.eu\/rs\/uslovi-poslovanja\/","title":{"rendered":"Uslovi poslovanja"},"content":{"rendered":"<p><strong>Firma:<\/strong><\/p>\n<p><strong>Matija Perko PR trgovinska radnja Beograd<\/strong><\/p>\n<p><strong>\u0110or\u0111a Stojkovi\u0107a 4\/2, 11250 Beograd<\/strong><\/p>\n<p><strong>PIB: 110866854<\/strong><\/p>\n<p><strong>MB: 65045737<\/strong><\/p>\n<p><strong>\u00a0<\/strong><strong>\u00a0<\/strong><\/p>\n<p><strong>Op\u0161ti uslovi poslovanja<\/strong><\/p>\n<p>Cartium.eu\/rs ( u daljem tekstu \u00bbmi\u00ab, \u00bbnas\u00ab, \u00bbna\u0161e\u00ab, \u00bbna\u0161oj\u00ab, \u00bbna\u0161em\u00ab) je internet prodavnica koja posluje u skladu sa Zakonom o elektronskoj trgovini i svim ostalim va\u017ee\u0107im zakonima i propisima u Republici Srbiji. Posetom ili kupovinom na na\u0161oj Internet prodavnici \u00a0prihvatate uslove kori\u0161tenja koji su navedeni u daljem tekstu. Molimo Vas da ih pa\u017eljivo pro\u010ditate i upoznate se pravilima koja primenjujemo. Mi zadr\u017eavamo pravo da bez prethodnog obave\u0161tavanja vr\u0161i izmene i dopune ovih Uslova kori\u0161tenja.<\/p>\n<p><strong>Izjava o za\u0161titi privatnosti<\/strong><br \/>\nU ime na\u0161e Internet prodavnice obavezujemo se da \u0107emo \u010duvati privatnost svih na\u0161ih kupaca u skladu sa (GDPR) zakonom i propisima u Republici Srbij. Prikupljamo samo neophodne, osnovne podatke o kupcima\/ korisnicima i podatke neophodne za poslovanje i informisanje korisnika u skladu sa dobrim poslovnim obi\u010dajima i u cilju pru\u017eanja kvalitetne usluge. Dajemo kupcima mogu\u0107nost izbora uklju\u010duju\u0107i mogu\u0107nost odluke da li \u017eele ili ne da se izbri\u0161u sa mailing lista koje se koriste za marketin\u0161ke kampanje. Svi podaci o korisnicima\/kupcima se strogo \u010duvaju i dostupni su samo zaposlenima kojima su ti podaci nu\u017eni za obavljanje posla. Svi zaposleni u na\u0161oj firmi (i poslovni partneri) odgovorni su za po\u0161tovanje na\u010dela za\u0161tite privatnosti.<\/p>\n<p><strong>Cene<\/strong><br \/>\nSve cene proizvoda navedene na sajtu sa ura\u010dunatim PDV-om. Obavezujemo se da \u0107emo prihvatiti svaku cenu po kojoj ste napravili narud\u017ebenicu bez obzira da li se cena proizvoda promenila nakon kreiranja narud\u017ebenice. Ali imamo pravo da otka\u017eemo narud\u017ebenicu uz slanje email obave\u0161tenja potro\u0161a\u010du ukoliko je do\u0161lo do grube gre\u0161ke prilikom postavljanja cene na sajtu. Ra\u010dun prilikom kupovine dobijate u elektronskom formatu na e-mail adresu koji ste ostavili prilikom kupovine.<\/p>\n<p><strong>Dostava<\/strong><\/p>\n<p>Svi proizvodi koji su izlo\u017eeni na na\u0161oj internet stranici se tako\u0111e nalaze na na\u0161em stanju zaliha. Kupac je prilikom kupovine du\u017ean da plati tro\u0161kove slanja po prijemu robe, osim naru\u010divanja pojedinih proizvoda, na kojima je naznaka: \u201epo\u0161tarina je ura\u010dunata u cenu\u201c ili \u201ebesplatna dostava\u201c. Za dostavu narud\u017ebi u Republici Srbiji koristimo City Express i Post Express usluge dostave. Sa svim navedenim kurirskim slu\u017ebama imamo potpisan ugovor o poslovnoj saradnji. Rok isporuke naru\u010denih proizvoda traje od 1 do 3 radna dana(zbog situacije COVID-19, postoji mogu\u0107nost produ\u017eenja roka isporuke). Naru\u010deni proizvodi se dostavljaju na adresu koju ste naveli kao adresu za dostavu.<\/p>\n<p><strong>Intelektualna svojina<\/strong><br \/>\nSadr\u017eaj prikazan na ovom sajtu kao \u0161to su stranice, dizajnerski elementi (dugmi\u0107i, ikonice i sl), tekstovi, fotografije, logotipi, audio zapisi i softver su na\u0161e vlasni\u0161tvo ili nja\u0161ih partnera i ne mogu se koristiti bez predhodne saglasnosti sa nama. Ukoliko za sadr\u017eaj koji se nalazi na na\u0161oj internet stranici smatrate da je va\u0161 i da je zloupotrebljen, molimo vas da nas kontaktirate u cilju utvr\u0111ivanja intelektualne svojine. Sve informacije dostupne na internet stranama isklju\u010divo su informativnog karaktera, ne smeju se koristiti u komercijalne svrhe niti distribuirati tre\u0107im licima.<\/p>\n<p><strong>Komentari, komunikacija i ostali sadr\u017eaj koji ostavljaju posetioci<\/strong><br \/>\nPosetioci mogu komentarisati proizvode i slati email poruke na na\u0161 e-mail. Mi imamo pravo da ne objavimo komentare koji su zlonamerni, sadr\u017ee nepristojne izjave, \u0161ire mr\u017enju i na bilo koji na\u010din ugro\u017eavaju prava drugih. Takvi komentari \u0107e biti uklonjeni bez predhodnog obave\u0161tenja. La\u017eno predstavljanje i registracija sa tu\u0111om email adresom nije dozvoljena. Protiv takvih aktivnosti mo\u017eemo pokrenuti odgovaraju\u0107i zakonski postupak.<\/p>\n<p><strong>Opisi proizvoda<\/strong><br \/>\nU na\u0161em je interesu da sve proizvode opi\u0161emo \u0161to je ta\u010dnije mogu\u0107e. Tako\u0111e, ne garantujemo da su svi navedeni podaci u vezi proizvoda ta\u010dni, kompletni, pouzdani i bez gre\u0161aka. Ako proizvod koji ste kupili odstupa od podataka koji su navedeni na sajtu mo\u017eete ga vratiti u neo\u0161te\u0107enom stanju sa kompletnom opremom koju ste uz njega dobili, a mi \u0107emo vam vratiti novac.<\/p>\n<p><strong>Radno vreme<\/strong><br \/>\nNa\u0161e radno vreme je od radi od 09-17h, 5 dana u nedelji (ponedeljak, utorak, sreda, \u010detvrtak, petak). U slu\u010daju tehni\u010dkih problema ili tokom zahvata redovnog odr\u017eavanja sajt mo\u017ee biti kra\u0107i vremenski period nedostupan o \u010demu \u0107ete biti obave\u0161teni.<\/p>\n<p><strong>Promena (a\u017euriranje) podataka na sajtu<\/strong><br \/>\nMi zadr\u017eavamo pravo da mo\u017ee mou svako vreme, bez prethodne najave, promeniti podatke prikazane na bilo kojoj stranici sinternet stranice. Posetioci internet stranice nemaju pravo da jednostrano menjaju uslove kori\u0161\u0107enja, a svaka eventualna izmena je neva\u017ee\u0107a osim u slu\u010daju da se obe strane saglase pisanim putem.<\/p>\n<p><strong>Ostalo<\/strong><\/p>\n<p>Delimi\u010dna ili potpuna neprimenjivost ili nezakonitost odre\u0111ene odredbe ovih Uslova kori\u0161\u0107enja, ne\u0107e uticati na punova\u017enost ostalih odredbi koje ostaju na snazi u celini. Neprimenjiva ili nezakonita odredba \u0107e biti zamenjena drugom odgovaraju\u0107om odredbom. Saglasni ste da va\u0161a prava i obaveze proistekle iz ovih Uslova kori\u0161tenja ne mo\u017eete preneti na tre\u0107a lica bez na\u0161eg izri\u010ditog pismenog odobrenja.<\/p>\n<p>&nbsp;<\/p>\n","protected":false},"excerpt":{"rendered":"<p>Firma: Matija Perko PR trgovinska radnja Beograd \u0110or\u0111a Stojkovi\u0107a 4\/2, 11250 Beograd PIB: 110866854 MB: 65045737 \u00a0\u00a0 Op\u0161ti uslovi poslovanja Cartium.eu\/rs ( u daljem tekstu \u00bbmi\u00ab, \u00bbnas\u00ab, \u00bbna\u0161e\u00ab, \u00bbna\u0161oj\u00ab, \u00bbna\u0161em\u00ab) je internet prodavnica koja posluje u skladu sa Zakonom o elektronskoj trgovini i svim ostalim va\u017ee\u0107im zakonima i propisima u Republici Srbiji. Posetom ili kupovinom &hellip; <a href=\"https:\/\/cartium.eu\/rs\/uslovi-poslovanja\/\">Continued<\/a><\/p>\n","protected":false},"author":1,"featured_media":0,"parent":0,"menu_order":0,"comment_status":"closed","ping_status":"closed","template":"","meta":{"inline_featured_image":false,"footnotes":""},"class_list":["post-100","page","type-page","status-publish","hentry"],"acf":[],"_links":{"self":[{"href":"https:\/\/cartium.eu\/rs\/wp-json\/wp\/v2\/pages\/100","targetHints":{"allow":["GET"]}}],"collection":[{"href":"https:\/\/cartium.eu\/rs\/wp-json\/wp\/v2\/pages"}],"about":[{"href":"https:\/\/cartium.eu\/rs\/wp-json\/wp\/v2\/types\/page"}],"author":[{"embeddable":true,"href":"https:\/\/cartium.eu\/rs\/wp-json\/wp\/v2\/users\/1"}],"replies":[{"embeddable":true,"href":"https:\/\/cartium.eu\/rs\/wp-json\/wp\/v2\/comments?post=100"}],"version-history":[{"count":8,"href":"https:\/\/cartium.eu\/rs\/wp-json\/wp\/v2\/pages\/100\/revisions"}],"predecessor-version":[{"id":26715,"href":"https:\/\/cartium.eu\/rs\/wp-json\/wp\/v2\/pages\/100\/revisions\/26715"}],"wp:attachment":[{"href":"https:\/\/cartium.eu\/rs\/wp-json\/wp\/v2\/media?parent=100"}],"curies":[{"name":"wp","href":"https:\/\/api.w.org\/{rel}","templated":true}]}}