{"id":102,"date":"2020-10-28T10:57:38","date_gmt":"2020-10-28T10:57:38","guid":{"rendered":"https:\/\/shopium.eu\/rs\/?page_id=102"},"modified":"2021-03-09T11:25:57","modified_gmt":"2021-03-09T10:25:57","slug":"reklamacije-i-zamene","status":"publish","type":"page","link":"https:\/\/cartium.eu\/rs\/reklamacije-i-zamene\/","title":{"rendered":"Reklamacije i zamene"},"content":{"rendered":"<p><strong>REKLAMACIJE I ZAMENE<\/strong><\/p>\n<p><strong>Reklamacije<\/strong><\/p>\n<p>U slu\u010daju da imate bilo kakvu reklamaciju na proizvod ili na\u0161u uslugu budite slobodni da nas kontaktirate(rs@cartium.eu). Budite sigurni da smo spremni i sposobni da re\u0161imo svaku nastalu situaciju. Proizvodi koji dolaze u direktan kontakt sa ko\u017eom, zubima ili intimnim delovima tela ne podle\u017eu reklamaciji. Tako\u0111e reklamaciji ne podle\u017eu proizvodi sa evidentnim tragovima upotrebe!<\/p>\n<p><strong>Povrat novca ili zamena proizvoda<\/strong><\/p>\n<p>U roku od 14 dana od kupovine proizvoda imate mogu\u0107nost zamene kupljenih proizvoda. Proizvod mo\u017eete zameniti za drugi proizvod ili zahtevati povrat novca.<\/p>\n<p>Proizvod koji \u017eelite zameniti mora biti neo\u0161te\u0107en i vra\u0107en u originalnoj i neo\u0161te\u0107enoj ambala\u017ei sa svom prilo\u017eenom opremom.\u00a0<strong>U suprotnom \u0107e Va\u0161a reklamacija biti odbijena ili delimi\u010dno razre\u0161ena!<\/strong><\/p>\n<p>U roku od 14 dana nakon preuzimanja paketa mo\u017eete nas u pisanoj formi putem e-maila(rs@cartium.eu) obavestiti da odstupate od ugovora i uz to napisati Va\u0161e podatke kao i broj Va\u0161e po\u0161iljke ili nam poslati elektronski ra\u010dun koji ste primili na Va\u0161 e-mail prilikom kupovine, kako bih mogli da identifikujemo Va\u0161u porud\u017ebinu. U me\u0111uvremenu ovde mo\u017eete ispuniti formular koji je potrebno ispuniti i u roku od 14 dana nam proizvod\u00a0 vratiti na na\u0161u adresu:<\/p>\n<div dir=\"auto\"><\/div>\n<div dir=\"auto\">Matija Perko PR trgovinska radnja<\/div>\n<div dir=\"auto\">\u0110or\u0111a Stojkovi\u0107a 4<\/div>\n<div dir=\"auto\">Beograd 11250<\/div>\n<div dir=\"auto\">0694406100<\/div>\n<div dir=\"auto\"><\/div>\n<div dir=\"auto\"><\/div>\n<div dir=\"auto\"><\/div>\n<p><strong><em>Mail na koji je potrebno pisati u slu\u010daju reklamacije ili zamene<\/em><\/strong><strong>:\u00a0<\/strong>rs@cartium.eu<\/p>\n<p>&nbsp;<\/p>\n<p><strong>Povrat novca vr\u0161imo posle prijema povratnog paketa!<\/strong><\/p>\n<p>Formular za zamenu proizvoda:\u00a0<strong><a href=\"http:\/\/bit.ly\/zamena_RS\">http:\/\/bit.ly\/zamena_RS<\/a><\/strong><\/p>\n<p>Formular za povrat novca:<strong>\u00a0<a href=\"http:\/\/bit.ly\/povratnovca_RS\">http:\/\/bit.ly\/povratnovca_RS<\/a><\/strong><\/p>\n<p><strong>Napomene:<\/strong><\/p>\n<p>Tro\u0161ak slanja po\u0161iljke snosi po\u0161iljalac. Po\u0161iljke sa otkupninom ne prihvatamo!<\/p>\n<p>U slu\u010daju da formular za odustanak od ugovora ne ispunite u roku od 14 dana od preuzimanja po\u0161iljke, povrat novca, odnosno zamena robe nisu mogu\u0107i!<\/p>\n<p>U roku od 8 radnih dana od prijema Va\u0161eg paketa \u0107e proizvod biti zamenjen, odnosno Va\u0161 novac refundiran.<\/p>\n<p>&nbsp;<\/p>\n","protected":false},"excerpt":{"rendered":"<p>REKLAMACIJE I ZAMENE Reklamacije U slu\u010daju da imate bilo kakvu reklamaciju na proizvod ili na\u0161u uslugu budite slobodni da nas kontaktirate(rs@cartium.eu). Budite sigurni da smo spremni i sposobni da re\u0161imo svaku nastalu situaciju. Proizvodi koji dolaze u direktan kontakt sa ko\u017eom, zubima ili intimnim delovima tela ne podle\u017eu reklamaciji. Tako\u0111e reklamaciji ne podle\u017eu proizvodi sa &hellip; <a href=\"https:\/\/cartium.eu\/rs\/reklamacije-i-zamene\/\">Continued<\/a><\/p>\n","protected":false},"author":1,"featured_media":0,"parent":0,"menu_order":0,"comment_status":"closed","ping_status":"closed","template":"","meta":{"inline_featured_image":false,"footnotes":""},"class_list":["post-102","page","type-page","status-publish","hentry"],"acf":[],"_links":{"self":[{"href":"https:\/\/cartium.eu\/rs\/wp-json\/wp\/v2\/pages\/102","targetHints":{"allow":["GET"]}}],"collection":[{"href":"https:\/\/cartium.eu\/rs\/wp-json\/wp\/v2\/pages"}],"about":[{"href":"https:\/\/cartium.eu\/rs\/wp-json\/wp\/v2\/types\/page"}],"author":[{"embeddable":true,"href":"https:\/\/cartium.eu\/rs\/wp-json\/wp\/v2\/users\/1"}],"replies":[{"embeddable":true,"href":"https:\/\/cartium.eu\/rs\/wp-json\/wp\/v2\/comments?post=102"}],"version-history":[{"count":10,"href":"https:\/\/cartium.eu\/rs\/wp-json\/wp\/v2\/pages\/102\/revisions"}],"predecessor-version":[{"id":7709,"href":"https:\/\/cartium.eu\/rs\/wp-json\/wp\/v2\/pages\/102\/revisions\/7709"}],"wp:attachment":[{"href":"https:\/\/cartium.eu\/rs\/wp-json\/wp\/v2\/media?parent=102"}],"curies":[{"name":"wp","href":"https:\/\/api.w.org\/{rel}","templated":true}]}}