{"id":104,"date":"2020-10-28T10:57:46","date_gmt":"2020-10-28T10:57:46","guid":{"rendered":"https:\/\/shopium.eu\/rs\/?page_id=104"},"modified":"2021-01-04T14:42:44","modified_gmt":"2021-01-04T13:42:44","slug":"o-nama","status":"publish","type":"page","link":"https:\/\/cartium.eu\/rs\/o-nama\/","title":{"rendered":"O nama"},"content":{"rendered":"<p><strong>Na\u0161e razmi\u0161ljanje kroz prizmu BRENDA &#8211; ko smo to mi i zbog \u010dega postojimo toliko dugo vremena?<\/strong><\/p>\n<p>U dana\u0161njem u\u017eurbanom stilu \u017eivota, svako poslovanje se zasniva na ostvarivanju \u0161to ve\u0107eg profita. Ali i to se prevazilazi u skladu sa svakodnevnim promenama u svetu i vi\u0161e jednostavno nije dovoljan samo profit kao ostvarenja cilja samo jedne strane.<\/p>\n<p>Ponekad, najbolje je sagledati stvari sa druge ta\u010dke gledi\u0161ta, \u010desto i realnije, kako bismo uvideli \u0161ta je zaista potrebno da bismo savladali stepenicu vi\u0161e.<\/p>\n<p>U skladu s tim, po\u010deli smo jo\u0161 2018 godine da anketiramo ljude sa primarnim ciljem kako bismo se uverili \u0161ta je to \u0161to je zaista potrebno ljudima u njihovoj svakodnevnici, i tome smo prilagodili na\u0161 poslovni model.<\/p>\n<p>&nbsp;<\/p>\n<p><strong>Na\u0161<\/strong><strong> cilj:<\/strong><\/p>\n<p>Svetsko internet tr\u017ei\u0161te je preplavljeno nepreglednim brojem proizvoda koji se nude sa svih strana i samo naru\u010divanje istih predstavlja veliki problem i zavrzlamu zbog \u010dega ljudi imaju zadr\u0161ku kada su takve stvari u pitanju.<\/p>\n<p>Postaje te\u0161ko razlu\u010diti koja internet prodavnica ima dobro razvijen poslovni model i organizaciju na visokom nivou gdje je prioritet kupac i sigurna kupovina!<\/p>\n<p>Sve ovo ne bi trebali da budu razlozi zbog kojih ne bismo mogli da u\u017eivamo u zanimljivosti koje su nam dostupne samo putem interneta, zato smo tu mi jer vam slu\u017eimo poput filtera i sigurne opcije za radoznale ljude kao \u0161to smo i mi.<\/p>\n<p>U skladu sa svetskim internet tr\u017ei\u0161tem koje neprestano pratimo, na jednom mestu \u017eelimo da sakupimo sve najbolje i najpotrebnije trend proizvode koji \u0107e vas u\u010diniti sre\u0107nijim i olak\u0161ati vam svakodnevnicu.<\/p>\n<p>Jedan od parametara koji se tokom na\u0161eg anketiranja pokazao kao primarno bitan je brza dostava, pa u skladu s tim, sve proizvode koje imamo izlo\u017eene na internet stranici dr\u017eimo na realnom stanju zaliha\u00a0 u na\u0161im skladi\u0161tima u Evropi, tako da su dostupni<\/p>\n<p>sad i odmah!<\/p>\n<p>Svakako, najva\u017eniji deo je kvalitet proizvoda i zbog toga svaki pojedina\u010dni proizvod pre samog plasmana na tr\u017ei\u0161te pa\u017eljivo testiramo i proveravamo sve funkcionalnosti kako bismo se uverili da se proizvod zaista poklapa sa prikazanim standardima kvaliteta.<\/p>\n<p><strong>Na\u0161 moto:<\/strong><\/p>\n<p>Mi skautiramo tra\u017ei\u0161te za Vas i zbog proizvoda koje Vi volite-bez Va\u0161eg rizika!<\/p>\n","protected":false},"excerpt":{"rendered":"<p>Na\u0161e razmi\u0161ljanje kroz prizmu BRENDA &#8211; ko smo to mi i zbog \u010dega postojimo toliko dugo vremena? U dana\u0161njem u\u017eurbanom stilu \u017eivota, svako poslovanje se zasniva na ostvarivanju \u0161to ve\u0107eg profita. Ali i to se prevazilazi u skladu sa svakodnevnim promenama u svetu i vi\u0161e jednostavno nije dovoljan samo profit kao ostvarenja cilja samo jedne &hellip; <a href=\"https:\/\/cartium.eu\/rs\/o-nama\/\">Continued<\/a><\/p>\n","protected":false},"author":1,"featured_media":0,"parent":0,"menu_order":0,"comment_status":"closed","ping_status":"closed","template":"","meta":{"inline_featured_image":false,"footnotes":""},"class_list":["post-104","page","type-page","status-publish","hentry"],"acf":[],"_links":{"self":[{"href":"https:\/\/cartium.eu\/rs\/wp-json\/wp\/v2\/pages\/104","targetHints":{"allow":["GET"]}}],"collection":[{"href":"https:\/\/cartium.eu\/rs\/wp-json\/wp\/v2\/pages"}],"about":[{"href":"https:\/\/cartium.eu\/rs\/wp-json\/wp\/v2\/types\/page"}],"author":[{"embeddable":true,"href":"https:\/\/cartium.eu\/rs\/wp-json\/wp\/v2\/users\/1"}],"replies":[{"embeddable":true,"href":"https:\/\/cartium.eu\/rs\/wp-json\/wp\/v2\/comments?post=104"}],"version-history":[{"count":4,"href":"https:\/\/cartium.eu\/rs\/wp-json\/wp\/v2\/pages\/104\/revisions"}],"predecessor-version":[{"id":1770,"href":"https:\/\/cartium.eu\/rs\/wp-json\/wp\/v2\/pages\/104\/revisions\/1770"}],"wp:attachment":[{"href":"https:\/\/cartium.eu\/rs\/wp-json\/wp\/v2\/media?parent=104"}],"curies":[{"name":"wp","href":"https:\/\/api.w.org\/{rel}","templated":true}]}}