{"id":1891,"date":"2021-01-05T13:57:24","date_gmt":"2021-01-05T12:57:24","guid":{"rendered":"https:\/\/shopium.eu\/rs\/?page_id=1891"},"modified":"2021-01-05T13:57:24","modified_gmt":"2021-01-05T12:57:24","slug":"politika-upotrebe-kolacica","status":"publish","type":"page","link":"https:\/\/cartium.eu\/rs\/politika-upotrebe-kolacica\/","title":{"rendered":"Politika upotrebe kola\u010di\u0107a"},"content":{"rendered":"<p><span style=\"font-weight: 400;\">Firma Matija Perko PR trgovinska radnja Beograd po\u0161tuje i \u0161titi va\u0161u privatnost. U nastavku se nalaze detaljnije informacije o na\u010dinu na koji postupamo s va\u0161im li\u010dnim podacima.<\/span><\/p>\n<p><span style=\"font-weight: 400;\">U ovim se Pravilima o kola\u010di\u0107ima opisuje obrada podataka prikupljenih upotrebom kola\u010di\u0107a i sli\u010dnih tehnologija. Ova su pravila pripremljena u skladu s Op\u0161tom uredbom o za\u0161titi podataka Europske unije (GDPR) i va\u017ee\u0107im\u00a0 zakonodavstvom Republike Srbije.<\/span><\/p>\n<p>&nbsp;<\/p>\n<p><strong>1. <b>O kola\u010di\u0107ima<\/b><\/strong><\/p>\n<p><span style=\"font-weight: 400;\">\u0160ta su kola\u010di\u0107i i za\u0161to su potrebni?<\/span><\/p>\n<p><span style=\"font-weight: 400;\">Kola\u010di\u0107 je mali podatak koji web-mesto \u0161alje korisniku u vezi s va\u0161om posetom. Na taj vas na\u010din web-mesto prepoznaje, pamti informacije u vezi s va\u0161om posetom i pru\u017ea vam prilago\u0111enu i jednostavnu internet uslugu. Kola\u010di\u0107i nam poma\u017eu da prilagodimo sadr\u017eaj na\u0161eg web-mesta, zapamtimo va\u0161e postavke i zabele\u017eimo posete na\u0161em web-mestu. Kola\u010di\u0107i omogu\u0107uju ugodno, brzo i u\u010dinkovitije iskustvo pregledavanja na\u0161eg web-mesta.<\/span><\/p>\n<p>&nbsp;<\/p>\n<p><strong>2. <b>Kola\u010di\u0107i koje upotrebljavamo<\/b><\/strong><\/p>\n<p><span style=\"font-weight: 400;\">Na na\u0161em web-mestu upotrebljavamo razli\u010dite kategorije kola\u010di\u0107a podeljene u \u010detiri kategorije:<\/span><\/p>\n<ul>\n<li style=\"font-weight: 400;\"><span style=\"font-weight: 400;\">neophodni kola\u010di\u0107i,<\/span><\/li>\n<li style=\"font-weight: 400;\"><span style=\"font-weight: 400;\">analiti\u010dki kola\u010di\u0107i,<\/span><\/li>\n<li style=\"font-weight: 400;\"><span style=\"font-weight: 400;\">funkcionalni kola\u010di\u0107i i<\/span><\/li>\n<li style=\"font-weight: 400;\"><span style=\"font-weight: 400;\">ogla\u0161iva\u010dki (marketin\u0161ki) kola\u010di\u0107i.<\/span><\/li>\n<\/ul>\n<p><b>Neophodni kola\u010di\u0107i<\/b><span style=\"font-weight: 400;\"> su kola\u010di\u0107i bez kojih na\u0161e web-mesto ne bi moglo funkcionisatii. Ovi se kola\u010di\u0107i automatski postavljaju na va\u0161 ure\u0111aj i ne mogu se isklju\u010diti. Neophodni kola\u010di\u0107i ne mogu vas identifikovati i oni su tu samo kako bi osigurali da se web-mesto ispravno prikazuje.<\/span><\/p>\n<p><b>Analiti\u010dki kola\u010di\u0107i<\/b><span style=\"font-weight: 400;\"> omogu\u0107uju nam provo\u0111enje razli\u010ditih statisti\u010dkih analiza na\u0161eg web-mesta. Ti se kola\u010di\u0107i upotrebljavaju u anonimnom obliku, \u0161to zna\u010di da se pomo\u0107u njih NE MO\u017dE identifikovati korisnik. Mo\u017eete isklju\u010diti upotrebu ovih kola\u010di\u0107a na svom internet pretra\u017eiva\u010du ili u odeljku \u201ePostavke kola\u010di\u0107a\u201d na dnu na\u0161eg web-mesta.<\/span><\/p>\n<p><b>Funkcionalni kola\u010di\u0107i<\/b><span style=\"font-weight: 400;\"> su kola\u010di\u0107i koji omogu\u0107uju razne funkcije na\u0161eg web-mesta, poput postavljanja jezika, \u010duvanja sadr\u017eaja va\u0161e korpe, itd. Ovi se kola\u010di\u0107i postavljaju na va\u0161 ure\u0111aj samo uz va\u0161u prethodnu dozvolu.<\/span><\/p>\n<p><b>Marketin\u0161ki kola\u010di\u0107i<\/b><span style=\"font-weight: 400;\"> upotrebljavaju se za provo\u0111enje personalnih usluga ogla\u0161avanja. Pomo\u0107u podataka ovi kola\u010di\u0107i stvaraju va\u0161 profil na temelju \u010dega \u0107ete videti samo oglase za koje se smatra da \u0107e vam biti zanimljivi. Ovi se kola\u010di\u0107i postavljaju na va\u0161 ure\u0111aj samo uz va\u0161u prethodnu dozvolu. \u017deleli bismo vas upozoriti da odbijanje upotrebe ovih kola\u010di\u0107a ne\u0107e spre\u010diti prikazivanje oglasa na web-mestu jer \u0107e se oni i dalje prikazivati; me\u0111utim, vi\u0161e ne\u0107e biti prilago\u0111eni va\u0161im interesima.<\/span><\/p>\n<p><span style=\"font-weight: 400;\">Uz prethodno spomenute kategorije, razlikujemo i kola\u010di\u0107e prve strane i kola\u010di\u0107e tre\u0107e strane koje upotrebljavamo na na\u0161em web-mestu.<\/span><\/p>\n<p><b>Kola\u010di\u0107i prve strane<\/b><span style=\"font-weight: 400;\">\u00a0<\/span><span style=\"font-weight: 400;\">su kola\u010di\u0107i koji pripadaju ovom web-mestu, tj. kola\u010di\u0107i koje su na ovo web-mesto postavila na\u0161a firma ili na\u0161i ugovorni izvr\u0161itelji obrade. <\/span><span style=\"font-weight: 400;\">Da biste saznali vi\u0161e o na\u0161im ugovornim izvr\u0161iteljima obrade, pro\u010ditajte na\u0161a\u00a0<\/span><span style=\"font-weight: 400;\">Pravila o za\u0161titi privatnosti<\/span><span style=\"font-weight: 400;\">.<\/span><\/p>\n<p><b>Kola\u010di\u0107i tre\u0107e strane<\/b><span style=\"font-weight: 400;\"> su kola\u010di\u0107i koje postavljaju druga web-mesta osim onoga kojeg trenutno pose\u0107ujete, a koji nam omogu\u0107uju upotrebu personalnih oglasa. Ovi se kola\u010di\u0107i upotrebljavaju za pra\u0107enje va\u0161e upotrebe interneta, \u0161to nam omogu\u0107uje prikazivanje oglasa koji su za vas relevantni i zanimljivi.<\/span><\/p>\n<p>&nbsp;<\/p>\n<p><strong>3. <b>Ure\u0111ivanje postavki kola\u010di\u0107a<\/b><\/strong><\/p>\n<p><span style=\"font-weight: 400;\">Mo\u017eete odlu\u010diti \u017eelite li dopustiti da se kola\u010di\u0107i pohranjuju na va\u0161 ure\u0111aj.<\/span><\/p>\n<p><span style=\"font-weight: 400;\">U bilo kojem trenutku mo\u017eete promeniti postavke kola\u010di\u0107a u odjeljku \u201ePostavke kola\u010di\u0107a\u201d na dnu web-mesta.<\/span><\/p>\n<p><span style=\"font-weight: 400;\">Kada posetite na\u0161e web-mesto, na va\u0161 se ure\u0111aj automatski postavljaju samo neophodni kola\u010di\u0107i i anonimni analiti\u010dki kola\u010di\u0107i, dok se preferencijalni i marketin\u0161ki kola\u010di\u0107i stavljaju na va\u0161 ure\u0111aj samo uz va\u0161u dozvolu.<\/span><\/p>\n<p><span style=\"font-weight: 400;\">Kako mogu dati svoju dozvolu?<\/span><\/p>\n<p><span style=\"font-weight: 400;\">Kada prvi put posetite na\u0161e web-mesto, otvorit \u0107e se\u00a0 prozor i mo\u0107i \u0107ete odabrati odgovaraju\u0107e postavke kola\u010di\u0107a. Ako ste ve\u0107 posetili na\u0161e web-mesto i potvrdili odabrane kola\u010di\u0107e, ove postavke mo\u017eete promeniti odlaskom na odeljak \u201ePostavke kola\u010di\u0107a\u201d pri dnu na\u0161eg web-mesta. Otvorit \u0107e se novi\u00a0 prozor i mo\u0107i \u0107ete odabrati postavke kola\u010di\u0107a.<\/span><\/p>\n<p><span style=\"font-weight: 400;\">\u017delimo vas upozoriti da odbijanje upotrebe kola\u010di\u0107a ne\u0107e spre\u010diti da se na web-mestu prikazuju oglasi. Broj prikazanih oglasa \u0107e biti isti kao i da ste prihvatili kola\u010di\u0107e. Ako odbijete prihvatiti ogla\u0161iva\u010dke kola\u010di\u0107e, vide\u0107ete samo generalizovane oglase, a ne\u0107ete videti oglase prilago\u0111ene va\u0161im \u017eeljama i potrebama.<\/span><\/p>\n<p><span style=\"font-weight: 400;\">Postavke kola\u010di\u0107a se mogu nadzirati i menjati i u va\u0161em internet pretra\u017eiva\u010du.<\/span><\/p>\n<p><span style=\"font-weight: 400;\">Za vi\u0161e informacija o postavkama kola\u010di\u0107a odaberite internet pretra\u017eiva\u010d koji upotrebljavate:<\/span><\/p>\n<ul>\n<li><a href=\"https:\/\/support.google.com\/chrome\/answer\/95647?co=GENIE.Platform=Desktop&amp;hl=en\"><span style=\"font-weight: 400;\">Chrome<\/span><\/a><\/li>\n<li><a href=\"https:\/\/support.mozilla.org\/en-US\/kb\/clear-cookies-and-site-data-firefox\"><span style=\"font-weight: 400;\">Firefox<\/span><\/a><\/li>\n<li><a href=\"https:\/\/support.microsoft.com\/en-us\/help\/17442\/windows-internet-explorer-delete-manage-cookies\"><span style=\"font-weight: 400;\">Internet Explorer<\/span><\/a><\/li>\n<li><a href=\"https:\/\/support.apple.com\/sl-si\/guide\/safari\/sfri11471\/mac\"><span style=\"font-weight: 400;\">Safari<\/span><\/a><\/li>\n<li><a href=\"https:\/\/blogs.opera.com\/news\/2015\/08\/how-to-manage-cookies-in-opera\/\"><span style=\"font-weight: 400;\">Opera<\/span><\/a><\/li>\n<\/ul>\n<p><span style=\"font-weight: 400;\">Ako promenite ili izbri\u0161ete datoteku kola\u010di\u0107a svog pretra\u017eiva\u010da ili promenite\/nadogradite pretra\u017eiva\u010d ili svoj ure\u0111aj, mo\u017eda \u0107ete morati ponovno onemogu\u0107iti kola\u010di\u0107e. Postupak upravljanja kola\u010di\u0107ima i brisanja zavisi od pretra\u017eiva\u010d. Ako vam je potrebna pomo\u0107, mo\u017eete pogledati odeljak \u201eKorisni\u010dka podr\u0161ka\u201d va\u0161eg pretra\u017eiva\u010da.<\/span><\/p>\n<p><span style=\"font-weight: 400;\">Google Analytics mo\u017eete onemogu\u0107iti i na\u00a0<\/span><a href=\"https:\/\/marketingplatform.google.com\/about\/\"><span style=\"font-weight: 400;\">https:\/\/marketingplatform.google.com\/about\/<\/span><\/a><span style=\"font-weight: 400;\">.<\/span><\/p>\n<p><span style=\"font-weight: 400;\">Da biste saznali vi\u0161e o kola\u010di\u0107ima, idite na\u00a0<\/span><a href=\"http:\/\/youronlinechoices.com\/\"><span style=\"font-weight: 400;\">http:\/\/youronlinechoices.com\/<\/span><\/a><span style=\"font-weight: 400;\">.<\/span><\/p>\n<p>&nbsp;<\/p>\n<p><strong>4. <\/strong><b>Kola\u010di\u0107i koje upotrebljavamo na ovom web-mjestu<\/b><\/p>\n<p>&nbsp;<\/p>\n<table>\n<tbody>\n<tr>\n<td><b>NAZIV KOLA\u010cI\u0106A<\/b><\/td>\n<td><b>NAMJENA<\/b><\/td>\n<td><b>TRAJANJE<\/b><\/td>\n<td><b>KOMPANIJA<\/b><\/td>\n<\/tr>\n<tr>\n<td><b>sb<\/b><\/td>\n<td><b>Rad dodatka<\/b><\/td>\n<td><b>2 godine<\/b><\/td>\n<td><b>Facebook<\/b><\/td>\n<\/tr>\n<tr>\n<td><b>fr<\/b><\/td>\n<td><b>Rad dodatka<\/b><\/td>\n<td><b>3 meseca<\/b><\/td>\n<td><b>Facebook<\/b><\/td>\n<\/tr>\n<tr>\n<td><b>xs<\/b><\/td>\n<td><b>Rad dodatka<\/b><\/td>\n<td><b>3 meseca<\/b><\/td>\n<td><b>Facebook<\/b><\/td>\n<\/tr>\n<tr>\n<td><b>c_user<\/b><\/td>\n<td><b>Rad dodatka<\/b><\/td>\n<td><b>3 meseca<\/b><\/td>\n<td><b>Facebook<\/b><\/td>\n<\/tr>\n<tr>\n<td><b>presence<\/b><\/td>\n<td><b>Rad dodatka<\/b><\/td>\n<td><b>Trajanje sesije<\/b><\/td>\n<td><b>Facebook<\/b><\/td>\n<\/tr>\n<tr>\n<td><b>pl<\/b><\/td>\n<td><b>Rad dodatka<\/b><\/td>\n<td><b>1 mesec<\/b><\/td>\n<td><b>Facebook<\/b><\/td>\n<\/tr>\n<tr>\n<td><b>wd<\/b><\/td>\n<td><b>Rad dodatka<\/b><\/td>\n<td><b>1 nedelja<\/b><\/td>\n<td><b>Facebook<\/b><\/td>\n<\/tr>\n<tr>\n<td><b>datr<\/b><\/td>\n<td><b>Rad dodatka<\/b><\/td>\n<td><b>3 meseca<\/b><\/td>\n<td><b>Facebook<\/b><\/td>\n<\/tr>\n<tr>\n<td><\/td>\n<td><\/td>\n<td><\/td>\n<td><\/td>\n<\/tr>\n<tr>\n<td><b>NAZIV KOLA\u010cI\u0106A<\/b><\/td>\n<td><b>NAMJENA<\/b><\/td>\n<td><b>TRAJANJE<\/b><\/td>\n<td><b>KOMPANIJA<\/b><\/td>\n<\/tr>\n<tr>\n<td><b>m_pixel_ratio<\/b><\/td>\n<td><b>Rad dodatka<\/b><\/td>\n<td><b>Trajanje sesije<\/b><\/td>\n<td><b>Facebook<\/b><\/td>\n<\/tr>\n<tr>\n<td><b>dpr<\/b><\/td>\n<td><b>Rad dodatka<\/b><\/td>\n<td><b>1 nedelja<\/b><\/td>\n<td><b>Facebook<\/b><\/td>\n<\/tr>\n<tr>\n<td><b>act<\/b><\/td>\n<td><b>Rad dodatka<\/b><\/td>\n<td><b>Trajanje sesije<\/b><\/td>\n<td><b>Facebook<\/b><\/td>\n<\/tr>\n<tr>\n<td><b>_lo_v<\/b><\/td>\n<td><b>Rad dodatka Ghost Monitor<\/b><\/td>\n<td><b>3 meseca<\/b><\/td>\n<td><b>Ghost Monitor<\/b><\/td>\n<\/tr>\n<tr>\n<td><b>__cfduid<\/b><\/td>\n<td><b>Rad dodatka Ghost Monitor<\/b><\/td>\n<td><b>1 godina<\/b><\/td>\n<td><b>Ghost Monitor<\/b><\/td>\n<\/tr>\n<tr>\n<td><b>_lo_u<\/b><\/td>\n<td><b>Rad dodatka Ghost Monitor<\/b><\/td>\n<td><b>1 godina<\/b><\/td>\n<td><b>Ghost Monitor<\/b><\/td>\n<\/tr>\n<tr>\n<td><b>_ga<\/b><\/td>\n<td><b>Rad dodatka Ghost Monitor<\/b><\/td>\n<td><b>1 godina<\/b><\/td>\n<td><b>Ghost Monitor<\/b><\/td>\n<\/tr>\n<tr>\n<td><\/td>\n<td><\/td>\n<td><\/td>\n<td><\/td>\n<\/tr>\n<tr>\n<td><b>NAZIV KOLA\u010cI\u0106A<\/b><\/td>\n<td><b>NAMJENA<\/b><\/td>\n<td><b>TRAJANJE<\/b><\/td>\n<td><b>KOMPANIJA<\/b><\/td>\n<\/tr>\n<tr>\n<td><b>__utma<\/b><\/td>\n<td><b>Statistika posete korisnika<\/b><\/td>\n<td><b>2 godine<\/b><\/td>\n<td><b>Google Analytics<\/b><\/td>\n<\/tr>\n<tr>\n<td><b>__utmz<\/b><\/td>\n<td><b>Statistika posete korisnika<\/b><\/td>\n<td><b>6 meseci<\/b><\/td>\n<td><b>Google Analytics<\/b><\/td>\n<\/tr>\n<tr>\n<td><b>__utmc<\/b><\/td>\n<td><b>Statistika posete korisnika<\/b><\/td>\n<td><b>Trajanje sesije<\/b><\/td>\n<td><b>Google Analytics<\/b><\/td>\n<\/tr>\n<tr>\n<td><b>__utmv<\/b><\/td>\n<td><b>Statistika posete korisnika<\/b><\/td>\n<td><b>Trajanje sesije<\/b><\/td>\n<td><b>Google Analytics<\/b><\/td>\n<\/tr>\n<tr>\n<td><b>__distillery<\/b><\/td>\n<td><b>Rad videoure\u0111aja<\/b><\/td>\n<td><strong>shopium.eu\/rs<\/strong><\/td>\n<td><strong>shopium.eu\/rs<\/strong><\/td>\n<\/tr>\n<tr>\n<td><strong>woocommerce_items_in_cart<\/strong><\/td>\n<td><strong>Rad web-mesta shopium.eu\/rs<\/strong><\/td>\n<td><strong>shopium.eu\/rs<\/strong><\/td>\n<td><strong>shopium.eu\/rs<\/strong><\/td>\n<\/tr>\n<tr>\n<td><strong>__kla_id<\/strong><\/td>\n<td><strong>Rad web-mesta shopium.eu\/rs<\/strong><\/td>\n<td><strong>shopium.eu\/rs<\/strong><\/td>\n<td><strong>shopium.eu\/rs<\/strong><\/td>\n<\/tr>\n<tr>\n<td><strong>wp_woocommerce_session_<\/strong><\/td>\n<td><strong>Rad web-mesta shopium.eu\/rs<\/strong><\/td>\n<td><strong>shopium.eu\/rs<\/strong><\/td>\n<td><strong>shopium.eu\/rs<\/strong><\/td>\n<\/tr>\n<\/tbody>\n<\/table>\n<p>&nbsp;<\/p>\n<p><strong>5. <b>Svrhe u koje se na na\u0161em web-mestu upotrebljavaju kola\u010di\u0107i<\/b><\/strong><\/p>\n<p><span style=\"font-weight: 400;\">Na na\u0161em web-mestu kola\u010di\u0107i se upotrebljavaju u sede\u0107e svrhe:<\/span><\/p>\n<ul>\n<li style=\"font-weight: 400;\"><span style=\"font-weight: 400;\">prepoznavanje korisnika tokom njihove slede\u0107e posete,<\/span><\/li>\n<li style=\"font-weight: 400;\"><span style=\"font-weight: 400;\">\u010duvanje ocena proizvoda koje pru\u017eite,<\/span><\/li>\n<li style=\"font-weight: 400;\"><span style=\"font-weight: 400;\">analiza web-mesta,<\/span><\/li>\n<li style=\"font-weight: 400;\"><span style=\"font-weight: 400;\">pru\u017eanje sigurnosti web-mesta,<\/span><\/li>\n<li style=\"font-weight: 400;\"><span style=\"font-weight: 400;\">pra\u0107enje i o\u010duvanje sadr\u017eaja va\u0161e korpe (kola\u010di\u0107 sesije),<\/span><\/li>\n<li style=\"font-weight: 400;\"><span style=\"font-weight: 400;\">kola\u010di\u0107 za slanje poruke o nedovr\u0161enoj kupovini,<\/span><\/li>\n<li style=\"font-weight: 400;\"><span style=\"font-weight: 400;\">rad video sadr\u017eaja,<\/span><\/li>\n<li style=\"font-weight: 400;\"><span style=\"font-weight: 400;\">rad funkcije \u010daskanja na web-mestu i<\/span><\/li>\n<li style=\"font-weight: 400;\"><span style=\"font-weight: 400;\">ogla\u0161avanje.<\/span><\/li>\n<\/ul>\n<p>&nbsp;<\/p>\n<p><strong>6. <b>Va\u0161a prava u vezi s obradom li\u010dnih podataka pomo\u0107u kola\u010di\u0107a<\/b><\/strong><\/p>\n<p><span style=\"font-weight: 400;\">Uz ure\u0111ivanje postavki kola\u010di\u0107a kako je gore opisano, imate i mogu\u0107nost ostvarivanja svojih prava koja se odnose na obradu li\u010dnih podataka. Ta su prava detaljno opisana u na\u0161im Pravilima o za\u0161titi privatnosti.<\/span><\/p>\n<p>&nbsp;<\/p>\n<p><strong>7. <b>Izmene i kontakt<\/b><\/strong><\/p>\n<p><span style=\"font-weight: 400;\">Ova Pravila o kola\u010di\u0107ima mogu se izmeniti u bilo kojem trenutku. A\u017eurirana verzija bi\u0107e objavljena na: shopium.eu\/rs<\/span><\/p>\n<p><span style=\"font-weight: 400;\">U slu\u010daju pitanja ili ako trebate vi\u0161e informacija o kola\u010di\u0107ima ili obradi li\u010dnih podataka, obratite nam se na <\/span><span style=\"font-weight: 400;\">rs@cartium.eu<\/span><\/p>\n<p><b>Matija Perko PR trgovinska radnja Beograd <\/b><span style=\"font-weight: 400;\">\u0110or\u0111a Stojkovi\u0107a 4\/2<\/span><span style=\"font-weight: 400;\">\u00a0\/\u00a0<\/span><span style=\"font-weight: 400;\">11250 Beograd<\/span><span style=\"font-weight: 400;\">\u00a0\/\u00a0<\/span><span style=\"font-weight: 400;\">Srbija\u00a0<\/span><span style=\"font-weight: 400;\">\/ <\/span><span style=\"font-weight: 400;\">rs@cartium.eu<\/span><\/p>\n<p><span style=\"font-weight: 400;\">\/<\/span><span style=\"font-weight: 400;\">\u00a0IBAN: 170005002730800024 <\/span><span style=\"font-weight: 400;\">\/<\/span><span style=\"font-weight: 400;\">\u00a0PDV ID: 110866854<\/span><span style=\"font-weight: 400;\">\/<\/span><span style=\"font-weight: 400;\">\u00a0Mati\u010dni broj firme: 65045737<\/span><\/p>\n","protected":false},"excerpt":{"rendered":"<p>Firma Matija Perko PR trgovinska radnja Beograd po\u0161tuje i \u0161titi va\u0161u privatnost. U nastavku se nalaze detaljnije informacije o na\u010dinu na koji postupamo s va\u0161im li\u010dnim podacima. U ovim se Pravilima o kola\u010di\u0107ima opisuje obrada podataka prikupljenih upotrebom kola\u010di\u0107a i sli\u010dnih tehnologija. Ova su pravila pripremljena u skladu s Op\u0161tom uredbom o za\u0161titi podataka Europske &hellip; <a href=\"https:\/\/cartium.eu\/rs\/politika-upotrebe-kolacica\/\">Continued<\/a><\/p>\n","protected":false},"author":4,"featured_media":0,"parent":0,"menu_order":0,"comment_status":"closed","ping_status":"closed","template":"","meta":{"inline_featured_image":false,"footnotes":""},"class_list":["post-1891","page","type-page","status-publish","hentry"],"acf":[],"_links":{"self":[{"href":"https:\/\/cartium.eu\/rs\/wp-json\/wp\/v2\/pages\/1891","targetHints":{"allow":["GET"]}}],"collection":[{"href":"https:\/\/cartium.eu\/rs\/wp-json\/wp\/v2\/pages"}],"about":[{"href":"https:\/\/cartium.eu\/rs\/wp-json\/wp\/v2\/types\/page"}],"author":[{"embeddable":true,"href":"https:\/\/cartium.eu\/rs\/wp-json\/wp\/v2\/users\/4"}],"replies":[{"embeddable":true,"href":"https:\/\/cartium.eu\/rs\/wp-json\/wp\/v2\/comments?post=1891"}],"version-history":[{"count":1,"href":"https:\/\/cartium.eu\/rs\/wp-json\/wp\/v2\/pages\/1891\/revisions"}],"predecessor-version":[{"id":1892,"href":"https:\/\/cartium.eu\/rs\/wp-json\/wp\/v2\/pages\/1891\/revisions\/1892"}],"wp:attachment":[{"href":"https:\/\/cartium.eu\/rs\/wp-json\/wp\/v2\/media?parent=1891"}],"curies":[{"name":"wp","href":"https:\/\/api.w.org\/{rel}","templated":true}]}}