{"id":98,"date":"2020-10-28T10:57:05","date_gmt":"2020-10-28T10:57:05","guid":{"rendered":"https:\/\/shopium.eu\/rs\/?page_id=98"},"modified":"2021-01-04T14:03:25","modified_gmt":"2021-01-04T13:03:25","slug":"opcije-placanja","status":"publish","type":"page","link":"https:\/\/cartium.eu\/rs\/opcije-placanja\/","title":{"rendered":"Dostava i opcije pla\u0107anja"},"content":{"rendered":"<p><strong>Dostava<\/strong><\/p>\n<p>Svi proizvodi koji su izlo\u017eeni na na\u0161oj internet stranici se tako\u0111e nalaze na na\u0161em stanju zaliha. Kupac je prilikom kupovine du\u017ean da plati tro\u0161kove slanja po prijemu robe, osim naru\u010divanja pojedinih proizvoda, na kojima je naznaka: \u201epo\u0161tarina je ura\u010dunata u cenu\u201c ili \u201ebesplatna dostava\u201c. Za dostavu narud\u017ebi u Republici Srbiji koristimo City Express i Post Express usluge dostave. Sa svim navedenim kurirskim slu\u017ebama imamo potpisan ugovor o poslovnoj saradnji. Rok isporuke naru\u010denih proizvoda traje od 1 do 3 radna dana(zbog situacije COVID-19, postoji mogu\u0107nost produ\u017eenja roka isporuke). Naru\u010deni proizvodi se dostavljaju na adresu koju ste naveli kao adresu za dostavu i pla\u0107aju se pouze\u0107em kurirskoj slu\u017ebi koja dostavlja robu.<\/p>\n<p>&nbsp;<\/p>\n<p><strong>Pra\u0107enje po\u0161iljke<\/strong><\/p>\n<p>Va\u0161u po\u0161iljku mo\u017eete pratiti putem ovog linka: <a href=\"http:\/\/www.postexpress.rs\/struktura\/lat\/aplikacije\/alati\/track-and-trace.asp\" target=\"_blank\" rel=\"noopener\">http:\/\/www.postexpress.rs\/struktura\/lat\/aplikacije\/alati\/track-and-trace.asp<\/a><\/p>\n<p>&nbsp;<\/p>\n<p><strong>Pla\u0107anje<\/strong><\/p>\n<p>Nudimo Vam najsigurniju opciju za pla\u0107anje, pla\u0107anje pouze\u0107em.<\/p>\n","protected":false},"excerpt":{"rendered":"<p>Dostava Svi proizvodi koji su izlo\u017eeni na na\u0161oj internet stranici se tako\u0111e nalaze na na\u0161em stanju zaliha. Kupac je prilikom kupovine du\u017ean da plati tro\u0161kove slanja po prijemu robe, osim naru\u010divanja pojedinih proizvoda, na kojima je naznaka: \u201epo\u0161tarina je ura\u010dunata u cenu\u201c ili \u201ebesplatna dostava\u201c. Za dostavu narud\u017ebi u Republici Srbiji koristimo City Express i &hellip; <a href=\"https:\/\/cartium.eu\/rs\/opcije-placanja\/\">Continued<\/a><\/p>\n","protected":false},"author":1,"featured_media":0,"parent":0,"menu_order":0,"comment_status":"closed","ping_status":"closed","template":"","meta":{"inline_featured_image":false,"footnotes":""},"class_list":["post-98","page","type-page","status-publish","hentry"],"acf":[],"_links":{"self":[{"href":"https:\/\/cartium.eu\/rs\/wp-json\/wp\/v2\/pages\/98","targetHints":{"allow":["GET"]}}],"collection":[{"href":"https:\/\/cartium.eu\/rs\/wp-json\/wp\/v2\/pages"}],"about":[{"href":"https:\/\/cartium.eu\/rs\/wp-json\/wp\/v2\/types\/page"}],"author":[{"embeddable":true,"href":"https:\/\/cartium.eu\/rs\/wp-json\/wp\/v2\/users\/1"}],"replies":[{"embeddable":true,"href":"https:\/\/cartium.eu\/rs\/wp-json\/wp\/v2\/comments?post=98"}],"version-history":[{"count":7,"href":"https:\/\/cartium.eu\/rs\/wp-json\/wp\/v2\/pages\/98\/revisions"}],"predecessor-version":[{"id":1729,"href":"https:\/\/cartium.eu\/rs\/wp-json\/wp\/v2\/pages\/98\/revisions\/1729"}],"wp:attachment":[{"href":"https:\/\/cartium.eu\/rs\/wp-json\/wp\/v2\/media?parent=98"}],"curies":[{"name":"wp","href":"https:\/\/api.w.org\/{rel}","templated":true}]}}