{"id":15421,"date":"2022-06-27T19:47:45","date_gmt":"2022-06-27T17:47:45","guid":{"rendered":"https:\/\/cartium.eu\/rs\/?post_type=product&#038;p=15421"},"modified":"2023-07-02T12:28:00","modified_gmt":"2023-07-02T10:28:00","slug":"55-gratis-set-mamaca-za-pecanje-fastfish","status":"publish","type":"product","link":"https:\/\/cartium.eu\/rs\/proizvod\/55-gratis-set-mamaca-za-pecanje-fastfish\/","title":{"rendered":"5+5 GRATIS &#8211; Set mamaca za pecanje-FastFish"},"content":{"rendered":"","protected":false},"excerpt":{"rendered":"<p>Dizajn mamca je osmi\u0161ljen da ima realisti\u010dan izgled i performanse plivanja kao pravi mamac. Ribe svih veli\u010dina brzo \u0107e ih napasti!<\/p>\n","protected":false},"featured_media":15386,"comment_status":"closed","ping_status":"closed","template":"","meta":{"inline_featured_image":false},"product_brand":[],"product_cat":[15,27],"product_tag":[],"class_list":{"0":"post-15421","1":"product","2":"type-product","3":"status-publish","4":"has-post-thumbnail","6":"product_cat-uncategorized","7":"product_cat-home","9":"first","10":"instock","11":"sale","12":"shipping-taxable","13":"purchasable","14":"product-type-simple"},"acf":[],"_links":{"self":[{"href":"https:\/\/cartium.eu\/rs\/wp-json\/wp\/v2\/product\/15421","targetHints":{"allow":["GET"]}}],"collection":[{"href":"https:\/\/cartium.eu\/rs\/wp-json\/wp\/v2\/product"}],"about":[{"href":"https:\/\/cartium.eu\/rs\/wp-json\/wp\/v2\/types\/product"}],"replies":[{"embeddable":true,"href":"https:\/\/cartium.eu\/rs\/wp-json\/wp\/v2\/comments?post=15421"}],"wp:featuredmedia":[{"embeddable":true,"href":"https:\/\/cartium.eu\/rs\/wp-json\/wp\/v2\/media\/15386"}],"wp:attachment":[{"href":"https:\/\/cartium.eu\/rs\/wp-json\/wp\/v2\/media?parent=15421"}],"wp:term":[{"taxonomy":"product_brand","embeddable":true,"href":"https:\/\/cartium.eu\/rs\/wp-json\/wp\/v2\/product_brand?post=15421"},{"taxonomy":"product_cat","embeddable":true,"href":"https:\/\/cartium.eu\/rs\/wp-json\/wp\/v2\/product_cat?post=15421"},{"taxonomy":"product_tag","embeddable":true,"href":"https:\/\/cartium.eu\/rs\/wp-json\/wp\/v2\/product_tag?post=15421"}],"curies":[{"name":"wp","href":"https:\/\/api.w.org\/{rel}","templated":true}]}}