{"id":15481,"date":"2022-07-11T14:27:50","date_gmt":"2022-07-11T12:27:50","guid":{"rendered":"https:\/\/cartium.eu\/rs\/?post_type=product&#038;p=15481"},"modified":"2023-07-02T12:27:42","modified_gmt":"2023-07-02T10:27:42","slug":"rolo-zastita-od-sunca-za-automobile-i-prozore","status":"publish","type":"product","link":"https:\/\/cartium.eu\/rs\/proizvod\/rolo-zastita-od-sunca-za-automobile-i-prozore\/","title":{"rendered":"Rolo za\u0161tita od sunca za automobile i prozore"},"content":{"rendered":"","protected":false},"excerpt":{"rendered":"<p>Smanjite UV zrake i sun\u010devu svetlost u svom automobilu i u\u010dinite vo\u017enju ugodnijom. Iskoristite ovu za\u0161titu za sve prostorije gde je to potrebno!<\/p>\n","protected":false},"featured_media":15488,"comment_status":"closed","ping_status":"closed","template":"","meta":{"inline_featured_image":false},"product_brand":[],"product_cat":[15,27],"product_tag":[],"class_list":{"0":"post-15481","1":"product","2":"type-product","3":"status-publish","4":"has-post-thumbnail","6":"product_cat-uncategorized","7":"product_cat-home","9":"first","10":"instock","11":"sale","12":"shipping-taxable","13":"purchasable","14":"product-type-simple"},"acf":[],"_links":{"self":[{"href":"https:\/\/cartium.eu\/rs\/wp-json\/wp\/v2\/product\/15481","targetHints":{"allow":["GET"]}}],"collection":[{"href":"https:\/\/cartium.eu\/rs\/wp-json\/wp\/v2\/product"}],"about":[{"href":"https:\/\/cartium.eu\/rs\/wp-json\/wp\/v2\/types\/product"}],"replies":[{"embeddable":true,"href":"https:\/\/cartium.eu\/rs\/wp-json\/wp\/v2\/comments?post=15481"}],"wp:featuredmedia":[{"embeddable":true,"href":"https:\/\/cartium.eu\/rs\/wp-json\/wp\/v2\/media\/15488"}],"wp:attachment":[{"href":"https:\/\/cartium.eu\/rs\/wp-json\/wp\/v2\/media?parent=15481"}],"wp:term":[{"taxonomy":"product_brand","embeddable":true,"href":"https:\/\/cartium.eu\/rs\/wp-json\/wp\/v2\/product_brand?post=15481"},{"taxonomy":"product_cat","embeddable":true,"href":"https:\/\/cartium.eu\/rs\/wp-json\/wp\/v2\/product_cat?post=15481"},{"taxonomy":"product_tag","embeddable":true,"href":"https:\/\/cartium.eu\/rs\/wp-json\/wp\/v2\/product_tag?post=15481"}],"curies":[{"name":"wp","href":"https:\/\/api.w.org\/{rel}","templated":true}]}}