{"id":15592,"date":"2022-09-22T11:56:54","date_gmt":"2022-09-22T09:56:54","guid":{"rendered":"https:\/\/cartium.eu\/rs\/?post_type=product&#038;p=15592"},"modified":"2023-07-02T12:27:20","modified_gmt":"2023-07-02T10:27:20","slug":"bezicni-rucni-usisivac","status":"publish","type":"product","link":"https:\/\/cartium.eu\/rs\/proizvod\/bezicni-rucni-usisivac\/","title":{"rendered":"Be\u017ei\u010dni ru\u010dni usisiva\u010d"},"content":{"rendered":"","protected":false},"excerpt":{"rendered":"<p>Lagani ru\u010dni usisiva\u010d sa sna\u017enom usisnom mo\u0107i idealan je pomo\u0107nik u svakom domu, na radnom mestu ili u automobilu. Re\u0161ite se ne\u010disto\u0107a i prljav\u0161tine u nekoliko poteza sa ovim vrhunskim usisiva\u010dem.<\/p>\n","protected":false},"featured_media":15598,"comment_status":"closed","ping_status":"closed","template":"","meta":{"inline_featured_image":false},"product_brand":[],"product_cat":[15],"product_tag":[],"class_list":{"0":"post-15592","1":"product","2":"type-product","3":"status-publish","4":"has-post-thumbnail","6":"product_cat-uncategorized","8":"first","9":"instock","10":"sale","11":"shipping-taxable","12":"purchasable","13":"product-type-simple"},"acf":[],"_links":{"self":[{"href":"https:\/\/cartium.eu\/rs\/wp-json\/wp\/v2\/product\/15592","targetHints":{"allow":["GET"]}}],"collection":[{"href":"https:\/\/cartium.eu\/rs\/wp-json\/wp\/v2\/product"}],"about":[{"href":"https:\/\/cartium.eu\/rs\/wp-json\/wp\/v2\/types\/product"}],"replies":[{"embeddable":true,"href":"https:\/\/cartium.eu\/rs\/wp-json\/wp\/v2\/comments?post=15592"}],"wp:featuredmedia":[{"embeddable":true,"href":"https:\/\/cartium.eu\/rs\/wp-json\/wp\/v2\/media\/15598"}],"wp:attachment":[{"href":"https:\/\/cartium.eu\/rs\/wp-json\/wp\/v2\/media?parent=15592"}],"wp:term":[{"taxonomy":"product_brand","embeddable":true,"href":"https:\/\/cartium.eu\/rs\/wp-json\/wp\/v2\/product_brand?post=15592"},{"taxonomy":"product_cat","embeddable":true,"href":"https:\/\/cartium.eu\/rs\/wp-json\/wp\/v2\/product_cat?post=15592"},{"taxonomy":"product_tag","embeddable":true,"href":"https:\/\/cartium.eu\/rs\/wp-json\/wp\/v2\/product_tag?post=15592"}],"curies":[{"name":"wp","href":"https:\/\/api.w.org\/{rel}","templated":true}]}}