{"id":15820,"date":"2022-10-03T15:48:09","date_gmt":"2022-10-03T13:48:09","guid":{"rendered":"https:\/\/cartium.eu\/rs\/?post_type=product&#038;p=15820"},"modified":"2023-05-03T15:09:31","modified_gmt":"2023-05-03T13:09:31","slug":"set-od-3-komada-razigrani-kaskaderski-autic","status":"publish","type":"product","link":"https:\/\/cartium.eu\/rs\/proizvod\/set-od-3-komada-razigrani-kaskaderski-autic\/","title":{"rendered":"Set od 3 komada &#8211; Razigrani kaskaderski auti\u0107"},"content":{"rendered":"","protected":false},"excerpt":{"rendered":"<p>Fenomenalni kaskaderski auti\u0107i odli\u010dna su zabava za decu svih uzrasta! Interesantna igra koja pravi \u010duda, te va\u0161oj deci elektri\u010dne ure\u0111aje \u010dini nezanimljivim.<\/p>\n","protected":false},"featured_media":15822,"comment_status":"closed","ping_status":"closed","template":"","meta":{"inline_featured_image":false},"product_brand":[],"product_cat":[15,35],"product_tag":[],"class_list":{"0":"post-15820","1":"product","2":"type-product","3":"status-publish","4":"has-post-thumbnail","6":"product_cat-uncategorized","7":"product_cat-fun","9":"first","10":"instock","11":"sale","12":"shipping-taxable","13":"purchasable","14":"product-type-simple"},"acf":[],"_links":{"self":[{"href":"https:\/\/cartium.eu\/rs\/wp-json\/wp\/v2\/product\/15820","targetHints":{"allow":["GET"]}}],"collection":[{"href":"https:\/\/cartium.eu\/rs\/wp-json\/wp\/v2\/product"}],"about":[{"href":"https:\/\/cartium.eu\/rs\/wp-json\/wp\/v2\/types\/product"}],"replies":[{"embeddable":true,"href":"https:\/\/cartium.eu\/rs\/wp-json\/wp\/v2\/comments?post=15820"}],"wp:featuredmedia":[{"embeddable":true,"href":"https:\/\/cartium.eu\/rs\/wp-json\/wp\/v2\/media\/15822"}],"wp:attachment":[{"href":"https:\/\/cartium.eu\/rs\/wp-json\/wp\/v2\/media?parent=15820"}],"wp:term":[{"taxonomy":"product_brand","embeddable":true,"href":"https:\/\/cartium.eu\/rs\/wp-json\/wp\/v2\/product_brand?post=15820"},{"taxonomy":"product_cat","embeddable":true,"href":"https:\/\/cartium.eu\/rs\/wp-json\/wp\/v2\/product_cat?post=15820"},{"taxonomy":"product_tag","embeddable":true,"href":"https:\/\/cartium.eu\/rs\/wp-json\/wp\/v2\/product_tag?post=15820"}],"curies":[{"name":"wp","href":"https:\/\/api.w.org\/{rel}","templated":true}]}}