{"id":15930,"date":"2022-10-10T08:20:43","date_gmt":"2022-10-10T06:20:43","guid":{"rendered":"https:\/\/cartium.eu\/rs\/?post_type=product&#038;p=15930"},"modified":"2023-07-02T12:24:25","modified_gmt":"2023-07-02T10:24:25","slug":"nastavak-za-rezanje-metala","status":"publish","type":"product","link":"https:\/\/cartium.eu\/rs\/proizvod\/nastavak-za-rezanje-metala\/","title":{"rendered":"Nastavak za rezanje metala"},"content":{"rendered":"","protected":false},"excerpt":{"rendered":"<p>Velika brzina rezanja i \u010disti i precizni rezovi omogu\u0107i\u0107e vam maksimalnu efikasnost i preciznost. Savr\u0161eno se kre\u0107e po uskim uzorcima i uglovima \u0161to pru\u017ea optimalan rez svaki put.<\/p>\n","protected":false},"featured_media":15934,"comment_status":"closed","ping_status":"closed","template":"","meta":{"inline_featured_image":false},"product_brand":[],"product_cat":[15],"product_tag":[],"class_list":{"0":"post-15930","1":"product","2":"type-product","3":"status-publish","4":"has-post-thumbnail","6":"product_cat-uncategorized","8":"first","9":"instock","10":"sale","11":"shipping-taxable","12":"purchasable","13":"product-type-simple"},"acf":[],"_links":{"self":[{"href":"https:\/\/cartium.eu\/rs\/wp-json\/wp\/v2\/product\/15930","targetHints":{"allow":["GET"]}}],"collection":[{"href":"https:\/\/cartium.eu\/rs\/wp-json\/wp\/v2\/product"}],"about":[{"href":"https:\/\/cartium.eu\/rs\/wp-json\/wp\/v2\/types\/product"}],"replies":[{"embeddable":true,"href":"https:\/\/cartium.eu\/rs\/wp-json\/wp\/v2\/comments?post=15930"}],"wp:featuredmedia":[{"embeddable":true,"href":"https:\/\/cartium.eu\/rs\/wp-json\/wp\/v2\/media\/15934"}],"wp:attachment":[{"href":"https:\/\/cartium.eu\/rs\/wp-json\/wp\/v2\/media?parent=15930"}],"wp:term":[{"taxonomy":"product_brand","embeddable":true,"href":"https:\/\/cartium.eu\/rs\/wp-json\/wp\/v2\/product_brand?post=15930"},{"taxonomy":"product_cat","embeddable":true,"href":"https:\/\/cartium.eu\/rs\/wp-json\/wp\/v2\/product_cat?post=15930"},{"taxonomy":"product_tag","embeddable":true,"href":"https:\/\/cartium.eu\/rs\/wp-json\/wp\/v2\/product_tag?post=15930"}],"curies":[{"name":"wp","href":"https:\/\/api.w.org\/{rel}","templated":true}]}}