{"id":15943,"date":"2022-10-10T12:12:04","date_gmt":"2022-10-10T10:12:04","guid":{"rendered":"https:\/\/cartium.eu\/rs\/?post_type=product&#038;p=15943"},"modified":"2023-04-23T13:14:34","modified_gmt":"2023-04-23T11:14:34","slug":"spiderman-rukavica-za-ispucavanje","status":"publish","type":"product","link":"https:\/\/cartium.eu\/rs\/proizvod\/spiderman-rukavica-za-ispucavanje\/","title":{"rendered":"Spiderman rukavica za ispucavanje"},"content":{"rendered":"","protected":false},"excerpt":{"rendered":"<p>Priu\u0161tite va\u0161oj deci nezaboravnu zabavu sa ovim super Spiderman rukavicama za ispucavanje. Potpuno interaktivna i sigurna igra koju \u0107e va\u0161i mali superheroji da obo\u017eavaju!<\/p>\n","protected":false},"featured_media":15945,"comment_status":"closed","ping_status":"closed","template":"","meta":{"inline_featured_image":false},"product_brand":[],"product_cat":[15,35],"product_tag":[],"class_list":{"0":"post-15943","1":"product","2":"type-product","3":"status-publish","4":"has-post-thumbnail","6":"product_cat-uncategorized","7":"product_cat-fun","9":"first","10":"instock","11":"sale","12":"shipping-taxable","13":"purchasable","14":"product-type-simple"},"acf":[],"_links":{"self":[{"href":"https:\/\/cartium.eu\/rs\/wp-json\/wp\/v2\/product\/15943","targetHints":{"allow":["GET"]}}],"collection":[{"href":"https:\/\/cartium.eu\/rs\/wp-json\/wp\/v2\/product"}],"about":[{"href":"https:\/\/cartium.eu\/rs\/wp-json\/wp\/v2\/types\/product"}],"replies":[{"embeddable":true,"href":"https:\/\/cartium.eu\/rs\/wp-json\/wp\/v2\/comments?post=15943"}],"wp:featuredmedia":[{"embeddable":true,"href":"https:\/\/cartium.eu\/rs\/wp-json\/wp\/v2\/media\/15945"}],"wp:attachment":[{"href":"https:\/\/cartium.eu\/rs\/wp-json\/wp\/v2\/media?parent=15943"}],"wp:term":[{"taxonomy":"product_brand","embeddable":true,"href":"https:\/\/cartium.eu\/rs\/wp-json\/wp\/v2\/product_brand?post=15943"},{"taxonomy":"product_cat","embeddable":true,"href":"https:\/\/cartium.eu\/rs\/wp-json\/wp\/v2\/product_cat?post=15943"},{"taxonomy":"product_tag","embeddable":true,"href":"https:\/\/cartium.eu\/rs\/wp-json\/wp\/v2\/product_tag?post=15943"}],"curies":[{"name":"wp","href":"https:\/\/api.w.org\/{rel}","templated":true}]}}