{"id":15990,"date":"2022-10-10T12:48:32","date_gmt":"2022-10-10T10:48:32","guid":{"rendered":"https:\/\/cartium.eu\/rs\/?post_type=product&#038;p=15990"},"modified":"2023-04-23T13:13:25","modified_gmt":"2023-04-23T11:13:25","slug":"igra-podudaranja-oblika","status":"publish","type":"product","link":"https:\/\/cartium.eu\/rs\/proizvod\/igra-podudaranja-oblika\/","title":{"rendered":"Igra podudaranja oblika"},"content":{"rendered":"","protected":false},"excerpt":{"rendered":"<p>Ova senzorna edukativna igra podudaranja i pronala\u017eenja odgovaraj\u0107ih oblika idealna je kombinacija u\u010denja i zabave. Pru\u017eite va\u0161oj deci idealnu zabavu!<\/p>\n","protected":false},"featured_media":15995,"comment_status":"closed","ping_status":"closed","template":"","meta":{"inline_featured_image":false},"product_brand":[],"product_cat":[15,35],"product_tag":[],"class_list":{"0":"post-15990","1":"product","2":"type-product","3":"status-publish","4":"has-post-thumbnail","6":"product_cat-uncategorized","7":"product_cat-fun","9":"first","10":"instock","11":"sale","12":"shipping-taxable","13":"purchasable","14":"product-type-simple"},"acf":[],"_links":{"self":[{"href":"https:\/\/cartium.eu\/rs\/wp-json\/wp\/v2\/product\/15990","targetHints":{"allow":["GET"]}}],"collection":[{"href":"https:\/\/cartium.eu\/rs\/wp-json\/wp\/v2\/product"}],"about":[{"href":"https:\/\/cartium.eu\/rs\/wp-json\/wp\/v2\/types\/product"}],"replies":[{"embeddable":true,"href":"https:\/\/cartium.eu\/rs\/wp-json\/wp\/v2\/comments?post=15990"}],"wp:featuredmedia":[{"embeddable":true,"href":"https:\/\/cartium.eu\/rs\/wp-json\/wp\/v2\/media\/15995"}],"wp:attachment":[{"href":"https:\/\/cartium.eu\/rs\/wp-json\/wp\/v2\/media?parent=15990"}],"wp:term":[{"taxonomy":"product_brand","embeddable":true,"href":"https:\/\/cartium.eu\/rs\/wp-json\/wp\/v2\/product_brand?post=15990"},{"taxonomy":"product_cat","embeddable":true,"href":"https:\/\/cartium.eu\/rs\/wp-json\/wp\/v2\/product_cat?post=15990"},{"taxonomy":"product_tag","embeddable":true,"href":"https:\/\/cartium.eu\/rs\/wp-json\/wp\/v2\/product_tag?post=15990"}],"curies":[{"name":"wp","href":"https:\/\/api.w.org\/{rel}","templated":true}]}}