{"id":16924,"date":"2022-11-03T12:46:53","date_gmt":"2022-11-03T11:46:53","guid":{"rendered":"https:\/\/cartium.eu\/rs\/?post_type=product&#038;p=16924"},"modified":"2023-05-03T15:20:47","modified_gmt":"2023-05-03T13:20:47","slug":"nastavak-za-rezanje-metala-2","status":"publish","type":"product","link":"https:\/\/cartium.eu\/rs\/proizvod\/nastavak-za-rezanje-metala-2\/","title":{"rendered":"Nastavak za rezanje metala"},"content":{"rendered":"","protected":false},"excerpt":{"rendered":"<p>Velika brzina rezanja i \u010disti i precizni rezovi omogu\u0107i\u0107e vam maksimalnu efikasnost i preciznost. Savr\u0161eno se kre\u0107e po uskim uzorcima i uglovima \u0161to pru\u017ea optimalan rez svaki put.<\/p>\n","protected":false},"featured_media":16930,"comment_status":"closed","ping_status":"closed","template":"","meta":{"inline_featured_image":false},"product_brand":[],"product_cat":[15,25,27],"product_tag":[],"class_list":{"0":"post-16924","1":"product","2":"type-product","3":"status-publish","4":"has-post-thumbnail","6":"product_cat-uncategorized","7":"product_cat-car","8":"product_cat-home","10":"first","11":"instock","12":"sale","13":"shipping-taxable","14":"purchasable","15":"product-type-simple"},"acf":[],"_links":{"self":[{"href":"https:\/\/cartium.eu\/rs\/wp-json\/wp\/v2\/product\/16924","targetHints":{"allow":["GET"]}}],"collection":[{"href":"https:\/\/cartium.eu\/rs\/wp-json\/wp\/v2\/product"}],"about":[{"href":"https:\/\/cartium.eu\/rs\/wp-json\/wp\/v2\/types\/product"}],"replies":[{"embeddable":true,"href":"https:\/\/cartium.eu\/rs\/wp-json\/wp\/v2\/comments?post=16924"}],"wp:featuredmedia":[{"embeddable":true,"href":"https:\/\/cartium.eu\/rs\/wp-json\/wp\/v2\/media\/16930"}],"wp:attachment":[{"href":"https:\/\/cartium.eu\/rs\/wp-json\/wp\/v2\/media?parent=16924"}],"wp:term":[{"taxonomy":"product_brand","embeddable":true,"href":"https:\/\/cartium.eu\/rs\/wp-json\/wp\/v2\/product_brand?post=16924"},{"taxonomy":"product_cat","embeddable":true,"href":"https:\/\/cartium.eu\/rs\/wp-json\/wp\/v2\/product_cat?post=16924"},{"taxonomy":"product_tag","embeddable":true,"href":"https:\/\/cartium.eu\/rs\/wp-json\/wp\/v2\/product_tag?post=16924"}],"curies":[{"name":"wp","href":"https:\/\/api.w.org\/{rel}","templated":true}]}}