{"id":18101,"date":"2022-11-18T09:16:26","date_gmt":"2022-11-18T08:16:26","guid":{"rendered":"https:\/\/cartium.eu\/rs\/?post_type=product&#038;p=18101"},"modified":"2024-11-20T17:04:50","modified_gmt":"2024-11-20T16:04:50","slug":"led-svetlosna-dekoracija-na-daljinsko-upravljanje-ledflash","status":"publish","type":"product","link":"https:\/\/cartium.eu\/rs\/proizvod\/led-svetlosna-dekoracija-na-daljinsko-upravljanje-ledflash\/","title":{"rendered":"Led svetlosna dekoracija na daljinsko upravljanje &#8211; Ledflash"},"content":{"rendered":"","protected":false},"excerpt":{"rendered":"<p>Savr\u0161ena dekorativna led svetla na daljinsko upravljanje putem pametnih telefona napravi\u0107e savr\u0161enu atmosferu u doba praznika, Nove godine i Bo\u017ei\u0107a, kvalitetna sa efefktom raznobojnih varijacija stvaraju nesvakida\u0161nju atmosferu i ugo\u0111aj.<\/p>\n","protected":false},"featured_media":27465,"comment_status":"closed","ping_status":"closed","template":"","meta":{"inline_featured_image":false},"product_brand":[],"product_cat":[15,27,35],"product_tag":[],"class_list":{"0":"post-18101","1":"product","2":"type-product","3":"status-publish","4":"has-post-thumbnail","6":"product_cat-uncategorized","7":"product_cat-home","8":"product_cat-fun","10":"first","11":"instock","12":"sale","13":"shipping-taxable","14":"purchasable","15":"product-type-simple"},"acf":[],"_links":{"self":[{"href":"https:\/\/cartium.eu\/rs\/wp-json\/wp\/v2\/product\/18101","targetHints":{"allow":["GET"]}}],"collection":[{"href":"https:\/\/cartium.eu\/rs\/wp-json\/wp\/v2\/product"}],"about":[{"href":"https:\/\/cartium.eu\/rs\/wp-json\/wp\/v2\/types\/product"}],"replies":[{"embeddable":true,"href":"https:\/\/cartium.eu\/rs\/wp-json\/wp\/v2\/comments?post=18101"}],"wp:featuredmedia":[{"embeddable":true,"href":"https:\/\/cartium.eu\/rs\/wp-json\/wp\/v2\/media\/27465"}],"wp:attachment":[{"href":"https:\/\/cartium.eu\/rs\/wp-json\/wp\/v2\/media?parent=18101"}],"wp:term":[{"taxonomy":"product_brand","embeddable":true,"href":"https:\/\/cartium.eu\/rs\/wp-json\/wp\/v2\/product_brand?post=18101"},{"taxonomy":"product_cat","embeddable":true,"href":"https:\/\/cartium.eu\/rs\/wp-json\/wp\/v2\/product_cat?post=18101"},{"taxonomy":"product_tag","embeddable":true,"href":"https:\/\/cartium.eu\/rs\/wp-json\/wp\/v2\/product_tag?post=18101"}],"curies":[{"name":"wp","href":"https:\/\/api.w.org\/{rel}","templated":true}]}}