{"id":21321,"date":"2023-01-17T12:10:21","date_gmt":"2023-01-17T11:10:21","guid":{"rendered":"https:\/\/cartium.eu\/rs\/?post_type=product&#038;p=21321"},"modified":"2023-04-23T13:02:23","modified_gmt":"2023-04-23T11:02:23","slug":"protuklizni-nastavci-za-obucu","status":"publish","type":"product","link":"https:\/\/cartium.eu\/rs\/proizvod\/protuklizni-nastavci-za-obucu\/","title":{"rendered":"Protuklizni nastavci za obu\u0107u"},"content":{"rendered":"","protected":false},"excerpt":{"rendered":"<p>Budite bezbedni prilikom omiljenih sportskih aktivnosti ili tokom velikih zima kad je mnogo leda. Savr\u0161eno prakti\u010dno re\u0161enje protiv proklizavanja.<\/p>\n","protected":false},"featured_media":21327,"comment_status":"closed","ping_status":"closed","template":"","meta":{"inline_featured_image":false},"product_brand":[],"product_cat":[15,27,35],"product_tag":[],"class_list":{"0":"post-21321","1":"product","2":"type-product","3":"status-publish","4":"has-post-thumbnail","6":"product_cat-uncategorized","7":"product_cat-home","8":"product_cat-fun","10":"first","11":"instock","12":"sale","13":"shipping-taxable","14":"purchasable","15":"product-type-variable"},"acf":[],"_links":{"self":[{"href":"https:\/\/cartium.eu\/rs\/wp-json\/wp\/v2\/product\/21321","targetHints":{"allow":["GET"]}}],"collection":[{"href":"https:\/\/cartium.eu\/rs\/wp-json\/wp\/v2\/product"}],"about":[{"href":"https:\/\/cartium.eu\/rs\/wp-json\/wp\/v2\/types\/product"}],"replies":[{"embeddable":true,"href":"https:\/\/cartium.eu\/rs\/wp-json\/wp\/v2\/comments?post=21321"}],"wp:featuredmedia":[{"embeddable":true,"href":"https:\/\/cartium.eu\/rs\/wp-json\/wp\/v2\/media\/21327"}],"wp:attachment":[{"href":"https:\/\/cartium.eu\/rs\/wp-json\/wp\/v2\/media?parent=21321"}],"wp:term":[{"taxonomy":"product_brand","embeddable":true,"href":"https:\/\/cartium.eu\/rs\/wp-json\/wp\/v2\/product_brand?post=21321"},{"taxonomy":"product_cat","embeddable":true,"href":"https:\/\/cartium.eu\/rs\/wp-json\/wp\/v2\/product_cat?post=21321"},{"taxonomy":"product_tag","embeddable":true,"href":"https:\/\/cartium.eu\/rs\/wp-json\/wp\/v2\/product_tag?post=21321"}],"curies":[{"name":"wp","href":"https:\/\/api.w.org\/{rel}","templated":true}]}}