{"id":21609,"date":"2023-01-23T10:18:58","date_gmt":"2023-01-23T09:18:58","guid":{"rendered":"https:\/\/cartium.eu\/rs\/?post_type=product&#038;p=21609"},"modified":"2024-08-27T09:19:26","modified_gmt":"2024-08-27T07:19:26","slug":"zamka-za-miseve-trapflip","status":"publish","type":"product","link":"https:\/\/cartium.eu\/rs\/proizvod\/zamka-za-miseve-trapflip\/","title":{"rendered":"Zamka za mi\u0161eve &#8211; TrapFlip"},"content":{"rendered":"","protected":false},"excerpt":{"rendered":"<p>TrapFlip najbezbolnija i najhumanija zamka za sve vrste glodara sa kojom \u0107ete da zaboravite na nered i staromodni na\u010din hvatanja i ubijanja ovih \u0161teto\u010dina uz maksimalnu u\u010dinkovitost i efikasnost.<\/p>\n","protected":false},"featured_media":21618,"comment_status":"closed","ping_status":"closed","template":"","meta":{"inline_featured_image":false},"product_brand":[],"product_cat":[15,27],"product_tag":[],"class_list":{"0":"post-21609","1":"product","2":"type-product","3":"status-publish","4":"has-post-thumbnail","6":"product_cat-uncategorized","7":"product_cat-home","9":"first","10":"instock","11":"sale","12":"shipping-taxable","13":"purchasable","14":"product-type-simple"},"acf":[],"_links":{"self":[{"href":"https:\/\/cartium.eu\/rs\/wp-json\/wp\/v2\/product\/21609","targetHints":{"allow":["GET"]}}],"collection":[{"href":"https:\/\/cartium.eu\/rs\/wp-json\/wp\/v2\/product"}],"about":[{"href":"https:\/\/cartium.eu\/rs\/wp-json\/wp\/v2\/types\/product"}],"replies":[{"embeddable":true,"href":"https:\/\/cartium.eu\/rs\/wp-json\/wp\/v2\/comments?post=21609"}],"wp:featuredmedia":[{"embeddable":true,"href":"https:\/\/cartium.eu\/rs\/wp-json\/wp\/v2\/media\/21618"}],"wp:attachment":[{"href":"https:\/\/cartium.eu\/rs\/wp-json\/wp\/v2\/media?parent=21609"}],"wp:term":[{"taxonomy":"product_brand","embeddable":true,"href":"https:\/\/cartium.eu\/rs\/wp-json\/wp\/v2\/product_brand?post=21609"},{"taxonomy":"product_cat","embeddable":true,"href":"https:\/\/cartium.eu\/rs\/wp-json\/wp\/v2\/product_cat?post=21609"},{"taxonomy":"product_tag","embeddable":true,"href":"https:\/\/cartium.eu\/rs\/wp-json\/wp\/v2\/product_tag?post=21609"}],"curies":[{"name":"wp","href":"https:\/\/api.w.org\/{rel}","templated":true}]}}