{"id":22526,"date":"2023-02-08T11:43:49","date_gmt":"2023-02-08T10:43:49","guid":{"rendered":"https:\/\/cartium.eu\/rs\/?post_type=product&#038;p=22526"},"modified":"2023-07-29T08:45:02","modified_gmt":"2023-07-29T06:45:02","slug":"2-u-1-transformacijski-kamion-2","status":"publish","type":"product","link":"https:\/\/cartium.eu\/rs\/proizvod\/2-u-1-transformacijski-kamion-2\/","title":{"rendered":"2 u 1 Transformacijski kamion"},"content":{"rendered":"","protected":false},"excerpt":{"rendered":"<p>Mega kamion za auti\u0107e sa skrivenim stazama za auti\u0107e savr\u0161ena je igra\u010dka za va\u0161e najmilije. Savr\u0161ena igra\u010dka za de\u010dake u svim prilikama.<\/p>\n","protected":false},"featured_media":22529,"comment_status":"closed","ping_status":"closed","template":"","meta":{"inline_featured_image":false},"product_brand":[],"product_cat":[15,35],"product_tag":[],"class_list":{"0":"post-22526","1":"product","2":"type-product","3":"status-publish","4":"has-post-thumbnail","6":"product_cat-uncategorized","7":"product_cat-fun","9":"first","10":"instock","11":"sale","12":"shipping-taxable","13":"purchasable","14":"product-type-simple"},"acf":[],"_links":{"self":[{"href":"https:\/\/cartium.eu\/rs\/wp-json\/wp\/v2\/product\/22526","targetHints":{"allow":["GET"]}}],"collection":[{"href":"https:\/\/cartium.eu\/rs\/wp-json\/wp\/v2\/product"}],"about":[{"href":"https:\/\/cartium.eu\/rs\/wp-json\/wp\/v2\/types\/product"}],"replies":[{"embeddable":true,"href":"https:\/\/cartium.eu\/rs\/wp-json\/wp\/v2\/comments?post=22526"}],"wp:featuredmedia":[{"embeddable":true,"href":"https:\/\/cartium.eu\/rs\/wp-json\/wp\/v2\/media\/22529"}],"wp:attachment":[{"href":"https:\/\/cartium.eu\/rs\/wp-json\/wp\/v2\/media?parent=22526"}],"wp:term":[{"taxonomy":"product_brand","embeddable":true,"href":"https:\/\/cartium.eu\/rs\/wp-json\/wp\/v2\/product_brand?post=22526"},{"taxonomy":"product_cat","embeddable":true,"href":"https:\/\/cartium.eu\/rs\/wp-json\/wp\/v2\/product_cat?post=22526"},{"taxonomy":"product_tag","embeddable":true,"href":"https:\/\/cartium.eu\/rs\/wp-json\/wp\/v2\/product_tag?post=22526"}],"curies":[{"name":"wp","href":"https:\/\/api.w.org\/{rel}","templated":true}]}}