{"id":22548,"date":"2023-02-08T13:05:37","date_gmt":"2023-02-08T12:05:37","guid":{"rendered":"https:\/\/cartium.eu\/rs\/?post_type=product&#038;p=22548"},"modified":"2023-07-09T11:12:39","modified_gmt":"2023-07-09T09:12:39","slug":"dinamicna-led-traka-za-automobil-2","status":"publish","type":"product","link":"https:\/\/cartium.eu\/rs\/proizvod\/dinamicna-led-traka-za-automobil-2\/","title":{"rendered":"Dinami\u010dna LED traka za automobil"},"content":{"rendered":"","protected":false},"excerpt":{"rendered":"<p>Dinami\u010dna LED traka podignu\u0107e izgled va\u0161ega utomobila na vi\u0161i nivo. Jednostavna i laka instalacija , univerzalna za sve automobile.<\/p>\n","protected":false},"featured_media":22563,"comment_status":"closed","ping_status":"closed","template":"","meta":{"inline_featured_image":false},"product_brand":[],"product_cat":[15,25,35],"product_tag":[],"class_list":{"0":"post-22548","1":"product","2":"type-product","3":"status-publish","4":"has-post-thumbnail","6":"product_cat-uncategorized","7":"product_cat-car","8":"product_cat-fun","10":"first","11":"instock","12":"sale","13":"shipping-taxable","14":"purchasable","15":"product-type-simple"},"acf":[],"_links":{"self":[{"href":"https:\/\/cartium.eu\/rs\/wp-json\/wp\/v2\/product\/22548","targetHints":{"allow":["GET"]}}],"collection":[{"href":"https:\/\/cartium.eu\/rs\/wp-json\/wp\/v2\/product"}],"about":[{"href":"https:\/\/cartium.eu\/rs\/wp-json\/wp\/v2\/types\/product"}],"replies":[{"embeddable":true,"href":"https:\/\/cartium.eu\/rs\/wp-json\/wp\/v2\/comments?post=22548"}],"wp:featuredmedia":[{"embeddable":true,"href":"https:\/\/cartium.eu\/rs\/wp-json\/wp\/v2\/media\/22563"}],"wp:attachment":[{"href":"https:\/\/cartium.eu\/rs\/wp-json\/wp\/v2\/media?parent=22548"}],"wp:term":[{"taxonomy":"product_brand","embeddable":true,"href":"https:\/\/cartium.eu\/rs\/wp-json\/wp\/v2\/product_brand?post=22548"},{"taxonomy":"product_cat","embeddable":true,"href":"https:\/\/cartium.eu\/rs\/wp-json\/wp\/v2\/product_cat?post=22548"},{"taxonomy":"product_tag","embeddable":true,"href":"https:\/\/cartium.eu\/rs\/wp-json\/wp\/v2\/product_tag?post=22548"}],"curies":[{"name":"wp","href":"https:\/\/api.w.org\/{rel}","templated":true}]}}