{"id":23147,"date":"2023-02-17T13:23:50","date_gmt":"2023-02-17T12:23:50","guid":{"rendered":"https:\/\/cartium.eu\/rs\/?post_type=product&#038;p=23147"},"modified":"2023-04-23T12:58:43","modified_gmt":"2023-04-23T10:58:43","slug":"rucni-komplet-za-popravak-namestaja","status":"publish","type":"product","link":"https:\/\/cartium.eu\/rs\/proizvod\/rucni-komplet-za-popravak-namestaja\/","title":{"rendered":"Ru\u010dni komplet za popravak name\u0161taja"},"content":{"rendered":"","protected":false},"excerpt":{"rendered":"<p>Popravite manje ogrebotine na svim vrstama podova ili drugog name\u0161taja i drvenih povr\u0161ina . Idealan za parkete, laminate, radne plo\u010de ili name\u0161taj i drvenu gra\u0111u.<\/p>\n","protected":false},"featured_media":23443,"comment_status":"closed","ping_status":"closed","template":"","meta":{"inline_featured_image":false},"product_brand":[],"product_cat":[15,27],"product_tag":[],"class_list":{"0":"post-23147","1":"product","2":"type-product","3":"status-publish","4":"has-post-thumbnail","6":"product_cat-uncategorized","7":"product_cat-home","9":"first","10":"instock","11":"sale","12":"shipping-taxable","13":"purchasable","14":"product-type-simple"},"acf":[],"_links":{"self":[{"href":"https:\/\/cartium.eu\/rs\/wp-json\/wp\/v2\/product\/23147","targetHints":{"allow":["GET"]}}],"collection":[{"href":"https:\/\/cartium.eu\/rs\/wp-json\/wp\/v2\/product"}],"about":[{"href":"https:\/\/cartium.eu\/rs\/wp-json\/wp\/v2\/types\/product"}],"replies":[{"embeddable":true,"href":"https:\/\/cartium.eu\/rs\/wp-json\/wp\/v2\/comments?post=23147"}],"wp:featuredmedia":[{"embeddable":true,"href":"https:\/\/cartium.eu\/rs\/wp-json\/wp\/v2\/media\/23443"}],"wp:attachment":[{"href":"https:\/\/cartium.eu\/rs\/wp-json\/wp\/v2\/media?parent=23147"}],"wp:term":[{"taxonomy":"product_brand","embeddable":true,"href":"https:\/\/cartium.eu\/rs\/wp-json\/wp\/v2\/product_brand?post=23147"},{"taxonomy":"product_cat","embeddable":true,"href":"https:\/\/cartium.eu\/rs\/wp-json\/wp\/v2\/product_cat?post=23147"},{"taxonomy":"product_tag","embeddable":true,"href":"https:\/\/cartium.eu\/rs\/wp-json\/wp\/v2\/product_tag?post=23147"}],"curies":[{"name":"wp","href":"https:\/\/api.w.org\/{rel}","templated":true}]}}