{"id":27307,"date":"2023-05-10T09:54:44","date_gmt":"2023-05-10T07:54:44","guid":{"rendered":"https:\/\/cartium.eu\/rs\/?post_type=product&#038;p=27307"},"modified":"2023-07-02T12:07:22","modified_gmt":"2023-07-02T10:07:22","slug":"komplet-za-popravak-pukotina-na-paravanima","status":"publish","type":"product","link":"https:\/\/cartium.eu\/rs\/proizvod\/komplet-za-popravak-pukotina-na-paravanima\/","title":{"rendered":"Komplet za popravak pukotina na paravanima"},"content":{"rendered":"","protected":false},"excerpt":{"rendered":"<p>U nekoliko jednostavnih koraka zakrpite sve rupe ili spre\u010dite dalje cepanje svih za\u0161tita za prozore, vrata i sli\u010dno.<\/p>\n","protected":false},"featured_media":27312,"comment_status":"closed","ping_status":"closed","template":"","meta":{"inline_featured_image":false},"product_brand":[],"product_cat":[15,27],"product_tag":[],"class_list":{"0":"post-27307","1":"product","2":"type-product","3":"status-publish","4":"has-post-thumbnail","6":"product_cat-uncategorized","7":"product_cat-home","9":"first","10":"instock","11":"sale","12":"shipping-taxable","13":"purchasable","14":"product-type-simple"},"acf":[],"_links":{"self":[{"href":"https:\/\/cartium.eu\/rs\/wp-json\/wp\/v2\/product\/27307","targetHints":{"allow":["GET"]}}],"collection":[{"href":"https:\/\/cartium.eu\/rs\/wp-json\/wp\/v2\/product"}],"about":[{"href":"https:\/\/cartium.eu\/rs\/wp-json\/wp\/v2\/types\/product"}],"replies":[{"embeddable":true,"href":"https:\/\/cartium.eu\/rs\/wp-json\/wp\/v2\/comments?post=27307"}],"wp:featuredmedia":[{"embeddable":true,"href":"https:\/\/cartium.eu\/rs\/wp-json\/wp\/v2\/media\/27312"}],"wp:attachment":[{"href":"https:\/\/cartium.eu\/rs\/wp-json\/wp\/v2\/media?parent=27307"}],"wp:term":[{"taxonomy":"product_brand","embeddable":true,"href":"https:\/\/cartium.eu\/rs\/wp-json\/wp\/v2\/product_brand?post=27307"},{"taxonomy":"product_cat","embeddable":true,"href":"https:\/\/cartium.eu\/rs\/wp-json\/wp\/v2\/product_cat?post=27307"},{"taxonomy":"product_tag","embeddable":true,"href":"https:\/\/cartium.eu\/rs\/wp-json\/wp\/v2\/product_tag?post=27307"}],"curies":[{"name":"wp","href":"https:\/\/api.w.org\/{rel}","templated":true}]}}