{"id":29385,"date":"2023-06-15T09:18:36","date_gmt":"2023-06-15T07:18:36","guid":{"rendered":"https:\/\/cartium.eu\/rs\/?post_type=product&#038;p=29385"},"modified":"2023-07-24T12:13:33","modified_gmt":"2023-07-24T10:13:33","slug":"drift-rc-auto","status":"publish","type":"product","link":"https:\/\/cartium.eu\/rs\/proizvod\/drift-rc-auto\/","title":{"rendered":"Drift RC auto"},"content":{"rendered":"","protected":false},"excerpt":{"rendered":"<p>Pretvorite svoj dom u drift stazu za auti\u0107e. Neobi\u010dan na\u010din igre dugo \u0107e da dr\u017ei pa\u017enju i pru\u017ei nezaboravnu zabavu!<\/p>\n","protected":false},"featured_media":29392,"comment_status":"closed","ping_status":"closed","template":"","meta":{"inline_featured_image":false},"product_brand":[],"product_cat":[15],"product_tag":[],"class_list":{"0":"post-29385","1":"product","2":"type-product","3":"status-publish","4":"has-post-thumbnail","6":"product_cat-uncategorized","8":"first","9":"instock","10":"sale","11":"shipping-taxable","12":"purchasable","13":"product-type-simple"},"acf":[],"_links":{"self":[{"href":"https:\/\/cartium.eu\/rs\/wp-json\/wp\/v2\/product\/29385","targetHints":{"allow":["GET"]}}],"collection":[{"href":"https:\/\/cartium.eu\/rs\/wp-json\/wp\/v2\/product"}],"about":[{"href":"https:\/\/cartium.eu\/rs\/wp-json\/wp\/v2\/types\/product"}],"replies":[{"embeddable":true,"href":"https:\/\/cartium.eu\/rs\/wp-json\/wp\/v2\/comments?post=29385"}],"wp:featuredmedia":[{"embeddable":true,"href":"https:\/\/cartium.eu\/rs\/wp-json\/wp\/v2\/media\/29392"}],"wp:attachment":[{"href":"https:\/\/cartium.eu\/rs\/wp-json\/wp\/v2\/media?parent=29385"}],"wp:term":[{"taxonomy":"product_brand","embeddable":true,"href":"https:\/\/cartium.eu\/rs\/wp-json\/wp\/v2\/product_brand?post=29385"},{"taxonomy":"product_cat","embeddable":true,"href":"https:\/\/cartium.eu\/rs\/wp-json\/wp\/v2\/product_cat?post=29385"},{"taxonomy":"product_tag","embeddable":true,"href":"https:\/\/cartium.eu\/rs\/wp-json\/wp\/v2\/product_tag?post=29385"}],"curies":[{"name":"wp","href":"https:\/\/api.w.org\/{rel}","templated":true}]}}