{"id":29393,"date":"2023-06-15T10:46:39","date_gmt":"2023-06-15T08:46:39","guid":{"rendered":"https:\/\/cartium.eu\/rs\/?post_type=product&#038;p=29393"},"modified":"2023-07-24T12:15:52","modified_gmt":"2023-07-24T10:15:52","slug":"montessori-interaktivna-tabla","status":"publish","type":"product","link":"https:\/\/cartium.eu\/rs\/proizvod\/montessori-interaktivna-tabla\/","title":{"rendered":"Montessori interaktivna tabla"},"content":{"rendered":"","protected":false},"excerpt":{"rendered":"<p>Savr\u0161ena interaktivna tabla u obliku simpati\u010dnog dinosaurusa pru\u017ei\u0107e deci mogu\u0107nost da nau\u010de sve osnovne i prakti\u010dne stvari koje \u0107e im trebati!<\/p>\n","protected":false},"featured_media":29397,"comment_status":"closed","ping_status":"closed","template":"","meta":{"inline_featured_image":false},"product_brand":[],"product_cat":[15],"product_tag":[],"class_list":{"0":"post-29393","1":"product","2":"type-product","3":"status-publish","4":"has-post-thumbnail","6":"product_cat-uncategorized","8":"first","9":"instock","10":"sale","11":"shipping-taxable","12":"purchasable","13":"product-type-simple"},"acf":[],"_links":{"self":[{"href":"https:\/\/cartium.eu\/rs\/wp-json\/wp\/v2\/product\/29393","targetHints":{"allow":["GET"]}}],"collection":[{"href":"https:\/\/cartium.eu\/rs\/wp-json\/wp\/v2\/product"}],"about":[{"href":"https:\/\/cartium.eu\/rs\/wp-json\/wp\/v2\/types\/product"}],"replies":[{"embeddable":true,"href":"https:\/\/cartium.eu\/rs\/wp-json\/wp\/v2\/comments?post=29393"}],"wp:featuredmedia":[{"embeddable":true,"href":"https:\/\/cartium.eu\/rs\/wp-json\/wp\/v2\/media\/29397"}],"wp:attachment":[{"href":"https:\/\/cartium.eu\/rs\/wp-json\/wp\/v2\/media?parent=29393"}],"wp:term":[{"taxonomy":"product_brand","embeddable":true,"href":"https:\/\/cartium.eu\/rs\/wp-json\/wp\/v2\/product_brand?post=29393"},{"taxonomy":"product_cat","embeddable":true,"href":"https:\/\/cartium.eu\/rs\/wp-json\/wp\/v2\/product_cat?post=29393"},{"taxonomy":"product_tag","embeddable":true,"href":"https:\/\/cartium.eu\/rs\/wp-json\/wp\/v2\/product_tag?post=29393"}],"curies":[{"name":"wp","href":"https:\/\/api.w.org\/{rel}","templated":true}]}}