{"id":29706,"date":"2023-06-29T13:03:47","date_gmt":"2023-06-29T11:03:47","guid":{"rendered":"https:\/\/cartium.eu\/rs\/?post_type=product&#038;p=29706"},"modified":"2023-11-17T10:25:10","modified_gmt":"2023-11-17T09:25:10","slug":"montessori-kreativni-set-za-ubadajuce-slikanje-2","status":"publish","type":"product","link":"https:\/\/cartium.eu\/rs\/proizvod\/montessori-kreativni-set-za-ubadajuce-slikanje-2\/","title":{"rendered":"Montessori kreativni set za ubadaju\u0107e slikanje"},"content":{"rendered":"","protected":false},"excerpt":{"rendered":"<p>Neka deca izraze svoju kreativnost sa ovim fantasti\u010dnim setom neobi\u010dnog oslikavanja. Posebna tehnika ubadaju\u0107eg oslikavanja odu\u0161evi\u0107e svako dete!<\/p>\n","protected":false},"featured_media":29702,"comment_status":"closed","ping_status":"closed","template":"","meta":{"inline_featured_image":false},"product_brand":[],"product_cat":[15,35],"product_tag":[],"class_list":{"0":"post-29706","1":"product","2":"type-product","3":"status-publish","4":"has-post-thumbnail","6":"product_cat-uncategorized","7":"product_cat-fun","9":"first","10":"instock","11":"sale","12":"shipping-taxable","13":"purchasable","14":"product-type-simple"},"acf":[],"_links":{"self":[{"href":"https:\/\/cartium.eu\/rs\/wp-json\/wp\/v2\/product\/29706","targetHints":{"allow":["GET"]}}],"collection":[{"href":"https:\/\/cartium.eu\/rs\/wp-json\/wp\/v2\/product"}],"about":[{"href":"https:\/\/cartium.eu\/rs\/wp-json\/wp\/v2\/types\/product"}],"replies":[{"embeddable":true,"href":"https:\/\/cartium.eu\/rs\/wp-json\/wp\/v2\/comments?post=29706"}],"wp:featuredmedia":[{"embeddable":true,"href":"https:\/\/cartium.eu\/rs\/wp-json\/wp\/v2\/media\/29702"}],"wp:attachment":[{"href":"https:\/\/cartium.eu\/rs\/wp-json\/wp\/v2\/media?parent=29706"}],"wp:term":[{"taxonomy":"product_brand","embeddable":true,"href":"https:\/\/cartium.eu\/rs\/wp-json\/wp\/v2\/product_brand?post=29706"},{"taxonomy":"product_cat","embeddable":true,"href":"https:\/\/cartium.eu\/rs\/wp-json\/wp\/v2\/product_cat?post=29706"},{"taxonomy":"product_tag","embeddable":true,"href":"https:\/\/cartium.eu\/rs\/wp-json\/wp\/v2\/product_tag?post=29706"}],"curies":[{"name":"wp","href":"https:\/\/api.w.org\/{rel}","templated":true}]}}