{"id":29713,"date":"2023-06-29T14:16:33","date_gmt":"2023-06-29T12:16:33","guid":{"rendered":"https:\/\/cartium.eu\/rs\/?post_type=product&#038;p=29713"},"modified":"2023-07-07T21:51:26","modified_gmt":"2023-07-07T19:51:26","slug":"set-za-igru-rezanja-povrca","status":"publish","type":"product","link":"https:\/\/cartium.eu\/rs\/proizvod\/set-za-igru-rezanja-povrca\/","title":{"rendered":"Set za igru rezanja povr\u0107a"},"content":{"rendered":"","protected":false},"excerpt":{"rendered":"<p>Jasne boje, autenti\u010dni oblici vo\u0107a i povr\u0107a sa mogu\u0107no\u0161\u010du guljenja i rezanja. Fenomenalna zabavna igra za decu .<\/p>\n<p>&nbsp;<\/p>\n","protected":false},"featured_media":29721,"comment_status":"closed","ping_status":"closed","template":"","meta":{"inline_featured_image":false},"product_brand":[],"product_cat":[15],"product_tag":[],"class_list":{"0":"post-29713","1":"product","2":"type-product","3":"status-publish","4":"has-post-thumbnail","6":"product_cat-uncategorized","8":"first","9":"instock","10":"sale","11":"shipping-taxable","12":"purchasable","13":"product-type-simple"},"acf":[],"_links":{"self":[{"href":"https:\/\/cartium.eu\/rs\/wp-json\/wp\/v2\/product\/29713","targetHints":{"allow":["GET"]}}],"collection":[{"href":"https:\/\/cartium.eu\/rs\/wp-json\/wp\/v2\/product"}],"about":[{"href":"https:\/\/cartium.eu\/rs\/wp-json\/wp\/v2\/types\/product"}],"replies":[{"embeddable":true,"href":"https:\/\/cartium.eu\/rs\/wp-json\/wp\/v2\/comments?post=29713"}],"wp:featuredmedia":[{"embeddable":true,"href":"https:\/\/cartium.eu\/rs\/wp-json\/wp\/v2\/media\/29721"}],"wp:attachment":[{"href":"https:\/\/cartium.eu\/rs\/wp-json\/wp\/v2\/media?parent=29713"}],"wp:term":[{"taxonomy":"product_brand","embeddable":true,"href":"https:\/\/cartium.eu\/rs\/wp-json\/wp\/v2\/product_brand?post=29713"},{"taxonomy":"product_cat","embeddable":true,"href":"https:\/\/cartium.eu\/rs\/wp-json\/wp\/v2\/product_cat?post=29713"},{"taxonomy":"product_tag","embeddable":true,"href":"https:\/\/cartium.eu\/rs\/wp-json\/wp\/v2\/product_tag?post=29713"}],"curies":[{"name":"wp","href":"https:\/\/api.w.org\/{rel}","templated":true}]}}