{"id":29841,"date":"2023-07-06T14:36:24","date_gmt":"2023-07-06T12:36:24","guid":{"rendered":"https:\/\/cartium.eu\/rs\/?post_type=product&#038;p=29841"},"modified":"2023-07-11T14:09:23","modified_gmt":"2023-07-11T12:09:23","slug":"montessori-knjige-za-decije-rano-ucenje","status":"publish","type":"product","link":"https:\/\/cartium.eu\/rs\/proizvod\/montessori-knjige-za-decije-rano-ucenje\/","title":{"rendered":"Montessori knjige za de\u010dije rano u\u010denje"},"content":{"rendered":"","protected":false},"excerpt":{"rendered":"<p>Periva knji\u017eca za bebe sa raznim interesantnim motivima, materijalima i zvukovima idealna je za rano u\u010denje boja , oblika i razvoja \u010dula dodira.<\/p>\n","protected":false},"featured_media":29864,"comment_status":"closed","ping_status":"closed","template":"","meta":{"inline_featured_image":false},"product_brand":[],"product_cat":[15],"product_tag":[],"class_list":{"0":"post-29841","1":"product","2":"type-product","3":"status-publish","4":"has-post-thumbnail","6":"product_cat-uncategorized","8":"first","9":"instock","10":"sale","11":"shipping-taxable","12":"purchasable","13":"product-type-variable","14":"has-default-attributes"},"acf":[],"_links":{"self":[{"href":"https:\/\/cartium.eu\/rs\/wp-json\/wp\/v2\/product\/29841","targetHints":{"allow":["GET"]}}],"collection":[{"href":"https:\/\/cartium.eu\/rs\/wp-json\/wp\/v2\/product"}],"about":[{"href":"https:\/\/cartium.eu\/rs\/wp-json\/wp\/v2\/types\/product"}],"replies":[{"embeddable":true,"href":"https:\/\/cartium.eu\/rs\/wp-json\/wp\/v2\/comments?post=29841"}],"wp:featuredmedia":[{"embeddable":true,"href":"https:\/\/cartium.eu\/rs\/wp-json\/wp\/v2\/media\/29864"}],"wp:attachment":[{"href":"https:\/\/cartium.eu\/rs\/wp-json\/wp\/v2\/media?parent=29841"}],"wp:term":[{"taxonomy":"product_brand","embeddable":true,"href":"https:\/\/cartium.eu\/rs\/wp-json\/wp\/v2\/product_brand?post=29841"},{"taxonomy":"product_cat","embeddable":true,"href":"https:\/\/cartium.eu\/rs\/wp-json\/wp\/v2\/product_cat?post=29841"},{"taxonomy":"product_tag","embeddable":true,"href":"https:\/\/cartium.eu\/rs\/wp-json\/wp\/v2\/product_tag?post=29841"}],"curies":[{"name":"wp","href":"https:\/\/api.w.org\/{rel}","templated":true}]}}