{"id":30070,"date":"2023-07-12T08:49:29","date_gmt":"2023-07-12T06:49:29","guid":{"rendered":"https:\/\/cartium.eu\/rs\/?post_type=product&#038;p=30070"},"modified":"2023-07-20T12:28:21","modified_gmt":"2023-07-20T10:28:21","slug":"set-za-mramorno-oslikavanje","status":"publish","type":"product","link":"https:\/\/cartium.eu\/rs\/proizvod\/set-za-mramorno-oslikavanje\/","title":{"rendered":"Set za mramorno oslikavanje"},"content":{"rendered":"","protected":false},"excerpt":{"rendered":"<p>Va\u0161e blistvo umetni\u010dke radove prenesite na omiljeni predmet bilo da je \u0161olja, obu\u0107a, ode\u0107a &#8230; Va\u0161i radovi \u0107e biti unikatni i neponovljivi.<\/p>\n<p>&nbsp;<\/p>\n<p>&nbsp;<\/p>\n","protected":false},"featured_media":30071,"comment_status":"closed","ping_status":"closed","template":"","meta":{"inline_featured_image":false},"product_brand":[],"product_cat":[15],"product_tag":[],"class_list":{"0":"post-30070","1":"product","2":"type-product","3":"status-publish","4":"has-post-thumbnail","6":"product_cat-uncategorized","8":"first","9":"instock","10":"sale","11":"shipping-taxable","12":"purchasable","13":"product-type-simple"},"acf":[],"_links":{"self":[{"href":"https:\/\/cartium.eu\/rs\/wp-json\/wp\/v2\/product\/30070","targetHints":{"allow":["GET"]}}],"collection":[{"href":"https:\/\/cartium.eu\/rs\/wp-json\/wp\/v2\/product"}],"about":[{"href":"https:\/\/cartium.eu\/rs\/wp-json\/wp\/v2\/types\/product"}],"replies":[{"embeddable":true,"href":"https:\/\/cartium.eu\/rs\/wp-json\/wp\/v2\/comments?post=30070"}],"wp:featuredmedia":[{"embeddable":true,"href":"https:\/\/cartium.eu\/rs\/wp-json\/wp\/v2\/media\/30071"}],"wp:attachment":[{"href":"https:\/\/cartium.eu\/rs\/wp-json\/wp\/v2\/media?parent=30070"}],"wp:term":[{"taxonomy":"product_brand","embeddable":true,"href":"https:\/\/cartium.eu\/rs\/wp-json\/wp\/v2\/product_brand?post=30070"},{"taxonomy":"product_cat","embeddable":true,"href":"https:\/\/cartium.eu\/rs\/wp-json\/wp\/v2\/product_cat?post=30070"},{"taxonomy":"product_tag","embeddable":true,"href":"https:\/\/cartium.eu\/rs\/wp-json\/wp\/v2\/product_tag?post=30070"}],"curies":[{"name":"wp","href":"https:\/\/api.w.org\/{rel}","templated":true}]}}