{"id":30543,"date":"2023-07-17T17:21:24","date_gmt":"2023-07-17T15:21:24","guid":{"rendered":"https:\/\/cartium.eu\/rs\/?post_type=product&#038;p=30543"},"modified":"2023-08-16T13:08:45","modified_gmt":"2023-08-16T11:08:45","slug":"deciji-prenosni-set-u-torbi","status":"publish","type":"product","link":"https:\/\/cartium.eu\/rs\/proizvod\/deciji-prenosni-set-u-torbi\/","title":{"rendered":"De\u010diji kreativni prenosni set"},"content":{"rendered":"","protected":false},"excerpt":{"rendered":"<p>Deca \u0107e da se zaljube na prvi pogled u ovaj kreativni set. Idealan poklon za va\u0161eg mali\u0161ana bilo da uzmete pojedina\u010dno set motiva dinosaurusa ili kuhinje deca \u0107e da u\u017eivaju u igri.<\/p>\n<p>&nbsp;<\/p>\n","protected":false},"featured_media":30541,"comment_status":"closed","ping_status":"closed","template":"","meta":{"inline_featured_image":false},"product_brand":[],"product_cat":[15],"product_tag":[],"class_list":{"0":"post-30543","1":"product","2":"type-product","3":"status-publish","4":"has-post-thumbnail","6":"product_cat-uncategorized","8":"first","9":"instock","10":"sale","11":"shipping-taxable","12":"purchasable","13":"product-type-variable"},"acf":[],"_links":{"self":[{"href":"https:\/\/cartium.eu\/rs\/wp-json\/wp\/v2\/product\/30543","targetHints":{"allow":["GET"]}}],"collection":[{"href":"https:\/\/cartium.eu\/rs\/wp-json\/wp\/v2\/product"}],"about":[{"href":"https:\/\/cartium.eu\/rs\/wp-json\/wp\/v2\/types\/product"}],"replies":[{"embeddable":true,"href":"https:\/\/cartium.eu\/rs\/wp-json\/wp\/v2\/comments?post=30543"}],"wp:featuredmedia":[{"embeddable":true,"href":"https:\/\/cartium.eu\/rs\/wp-json\/wp\/v2\/media\/30541"}],"wp:attachment":[{"href":"https:\/\/cartium.eu\/rs\/wp-json\/wp\/v2\/media?parent=30543"}],"wp:term":[{"taxonomy":"product_brand","embeddable":true,"href":"https:\/\/cartium.eu\/rs\/wp-json\/wp\/v2\/product_brand?post=30543"},{"taxonomy":"product_cat","embeddable":true,"href":"https:\/\/cartium.eu\/rs\/wp-json\/wp\/v2\/product_cat?post=30543"},{"taxonomy":"product_tag","embeddable":true,"href":"https:\/\/cartium.eu\/rs\/wp-json\/wp\/v2\/product_tag?post=30543"}],"curies":[{"name":"wp","href":"https:\/\/api.w.org\/{rel}","templated":true}]}}