{"id":30631,"date":"2023-07-18T09:41:13","date_gmt":"2023-07-18T07:41:13","guid":{"rendered":"https:\/\/cartium.eu\/rs\/?post_type=product&#038;p=30631"},"modified":"2023-07-20T12:04:55","modified_gmt":"2023-07-20T10:04:55","slug":"magicna-linija-za-vozila","status":"publish","type":"product","link":"https:\/\/cartium.eu\/rs\/proizvod\/magicna-linija-za-vozila\/","title":{"rendered":"Magi\u010dna linija za vozila"},"content":{"rendered":"","protected":false},"excerpt":{"rendered":"<p>Ova magi\u010dna linija \u0107e da natera vozilo da ide ba\u0161 tamo gdje vi \u017eelite gde va\u0161 mali\u0161an povu\u010de sa svojom rukom to \u0107e da odu\u0161evi i iznenadi svako dete. Ima opti\u010dki senzor koji \u0107e da o\u010dita tamnu liniju iscrtanu na svetloj podlozi.<\/p>\n","protected":false},"featured_media":30632,"comment_status":"closed","ping_status":"closed","template":"","meta":{"inline_featured_image":false},"product_brand":[],"product_cat":[15],"product_tag":[],"class_list":{"0":"post-30631","1":"product","2":"type-product","3":"status-publish","4":"has-post-thumbnail","6":"product_cat-uncategorized","8":"first","9":"instock","10":"sale","11":"shipping-taxable","12":"purchasable","13":"product-type-simple"},"acf":[],"_links":{"self":[{"href":"https:\/\/cartium.eu\/rs\/wp-json\/wp\/v2\/product\/30631","targetHints":{"allow":["GET"]}}],"collection":[{"href":"https:\/\/cartium.eu\/rs\/wp-json\/wp\/v2\/product"}],"about":[{"href":"https:\/\/cartium.eu\/rs\/wp-json\/wp\/v2\/types\/product"}],"replies":[{"embeddable":true,"href":"https:\/\/cartium.eu\/rs\/wp-json\/wp\/v2\/comments?post=30631"}],"wp:featuredmedia":[{"embeddable":true,"href":"https:\/\/cartium.eu\/rs\/wp-json\/wp\/v2\/media\/30632"}],"wp:attachment":[{"href":"https:\/\/cartium.eu\/rs\/wp-json\/wp\/v2\/media?parent=30631"}],"wp:term":[{"taxonomy":"product_brand","embeddable":true,"href":"https:\/\/cartium.eu\/rs\/wp-json\/wp\/v2\/product_brand?post=30631"},{"taxonomy":"product_cat","embeddable":true,"href":"https:\/\/cartium.eu\/rs\/wp-json\/wp\/v2\/product_cat?post=30631"},{"taxonomy":"product_tag","embeddable":true,"href":"https:\/\/cartium.eu\/rs\/wp-json\/wp\/v2\/product_tag?post=30631"}],"curies":[{"name":"wp","href":"https:\/\/api.w.org\/{rel}","templated":true}]}}