{"id":30678,"date":"2023-07-18T16:19:01","date_gmt":"2023-07-18T14:19:01","guid":{"rendered":"https:\/\/cartium.eu\/rs\/?post_type=product&#038;p=30678"},"modified":"2023-07-20T12:05:17","modified_gmt":"2023-07-20T10:05:17","slug":"drvene-perle-za-decu","status":"publish","type":"product","link":"https:\/\/cartium.eu\/rs\/proizvod\/drvene-perle-za-decu\/","title":{"rendered":"Drvene perle za decu"},"content":{"rendered":"","protected":false},"excerpt":{"rendered":"<p>Perle od prirodnog drveta i netoksi\u010dnih boje je montesori edukativna dru\u0161tvena igra slaganja boja.<\/p>\n<p>Idealna je za razvoj fine motorike i koordinacije pokreta ruku i o\u010diju kod va\u0161ih mali\u0161anja.<\/p>\n<p>&nbsp;<\/p>\n","protected":false},"featured_media":30679,"comment_status":"closed","ping_status":"closed","template":"","meta":{"inline_featured_image":false},"product_brand":[],"product_cat":[15],"product_tag":[],"class_list":{"0":"post-30678","1":"product","2":"type-product","3":"status-publish","4":"has-post-thumbnail","6":"product_cat-uncategorized","8":"first","9":"instock","10":"sale","11":"shipping-taxable","12":"purchasable","13":"product-type-simple"},"acf":[],"_links":{"self":[{"href":"https:\/\/cartium.eu\/rs\/wp-json\/wp\/v2\/product\/30678","targetHints":{"allow":["GET"]}}],"collection":[{"href":"https:\/\/cartium.eu\/rs\/wp-json\/wp\/v2\/product"}],"about":[{"href":"https:\/\/cartium.eu\/rs\/wp-json\/wp\/v2\/types\/product"}],"replies":[{"embeddable":true,"href":"https:\/\/cartium.eu\/rs\/wp-json\/wp\/v2\/comments?post=30678"}],"wp:featuredmedia":[{"embeddable":true,"href":"https:\/\/cartium.eu\/rs\/wp-json\/wp\/v2\/media\/30679"}],"wp:attachment":[{"href":"https:\/\/cartium.eu\/rs\/wp-json\/wp\/v2\/media?parent=30678"}],"wp:term":[{"taxonomy":"product_brand","embeddable":true,"href":"https:\/\/cartium.eu\/rs\/wp-json\/wp\/v2\/product_brand?post=30678"},{"taxonomy":"product_cat","embeddable":true,"href":"https:\/\/cartium.eu\/rs\/wp-json\/wp\/v2\/product_cat?post=30678"},{"taxonomy":"product_tag","embeddable":true,"href":"https:\/\/cartium.eu\/rs\/wp-json\/wp\/v2\/product_tag?post=30678"}],"curies":[{"name":"wp","href":"https:\/\/api.w.org\/{rel}","templated":true}]}}