{"id":30774,"date":"2023-07-19T16:52:16","date_gmt":"2023-07-19T14:52:16","guid":{"rendered":"https:\/\/cartium.eu\/rs\/?post_type=product&#038;p=30774"},"modified":"2024-01-23T10:02:46","modified_gmt":"2024-01-23T09:02:46","slug":"montessori-magnetna-igra-sortiranja-brojeva-i-boja-2","status":"publish","type":"product","link":"https:\/\/cartium.eu\/rs\/proizvod\/montessori-magnetna-igra-sortiranja-brojeva-i-boja-2\/","title":{"rendered":"Montessori magnetna igra sortiranja brojeva i boja"},"content":{"rendered":"","protected":false},"excerpt":{"rendered":"<p>Lavirint igra\u010dka sa magnetima fenomenalna za razvoj motori\u010dkih sposobnosti, u\u010denje boja, brojeva i ve\u017ebanje preciznosti i strpljenja!<\/p>\n","protected":false},"featured_media":30784,"comment_status":"closed","ping_status":"closed","template":"","meta":{"inline_featured_image":false},"product_brand":[],"product_cat":[15,35],"product_tag":[],"class_list":{"0":"post-30774","1":"product","2":"type-product","3":"status-publish","4":"has-post-thumbnail","6":"product_cat-uncategorized","7":"product_cat-fun","9":"first","10":"instock","11":"sale","12":"shipping-taxable","13":"purchasable","14":"product-type-simple"},"acf":[],"_links":{"self":[{"href":"https:\/\/cartium.eu\/rs\/wp-json\/wp\/v2\/product\/30774","targetHints":{"allow":["GET"]}}],"collection":[{"href":"https:\/\/cartium.eu\/rs\/wp-json\/wp\/v2\/product"}],"about":[{"href":"https:\/\/cartium.eu\/rs\/wp-json\/wp\/v2\/types\/product"}],"replies":[{"embeddable":true,"href":"https:\/\/cartium.eu\/rs\/wp-json\/wp\/v2\/comments?post=30774"}],"wp:featuredmedia":[{"embeddable":true,"href":"https:\/\/cartium.eu\/rs\/wp-json\/wp\/v2\/media\/30784"}],"wp:attachment":[{"href":"https:\/\/cartium.eu\/rs\/wp-json\/wp\/v2\/media?parent=30774"}],"wp:term":[{"taxonomy":"product_brand","embeddable":true,"href":"https:\/\/cartium.eu\/rs\/wp-json\/wp\/v2\/product_brand?post=30774"},{"taxonomy":"product_cat","embeddable":true,"href":"https:\/\/cartium.eu\/rs\/wp-json\/wp\/v2\/product_cat?post=30774"},{"taxonomy":"product_tag","embeddable":true,"href":"https:\/\/cartium.eu\/rs\/wp-json\/wp\/v2\/product_tag?post=30774"}],"curies":[{"name":"wp","href":"https:\/\/api.w.org\/{rel}","templated":true}]}}