{"id":30999,"date":"2023-07-21T18:08:32","date_gmt":"2023-07-21T16:08:32","guid":{"rendered":"https:\/\/cartium.eu\/rs\/?post_type=product&#038;p=30999"},"modified":"2023-07-24T09:02:46","modified_gmt":"2023-07-24T07:02:46","slug":"set-od-12-nalepnica-za-slaganje","status":"publish","type":"product","link":"https:\/\/cartium.eu\/rs\/proizvod\/set-od-12-nalepnica-za-slaganje\/","title":{"rendered":"Set od 12 nalepnica za slaganje"},"content":{"rendered":"","protected":false},"excerpt":{"rendered":"<p>Samolepljive nalepnice u tri seta, bilo da odaberete temu \u017eivotinja, dinosaurusa ili vozila va\u0161e date opet ima izbor od 12 razli\u0107itih kombinacija divnih boja i oblika da lako izgradi svoj omiljeni oblika i napravi divnu kreaciju za uspomenu.<\/p>\n<p>&nbsp;<\/p>\n","protected":false},"featured_media":31009,"comment_status":"closed","ping_status":"closed","template":"","meta":{"inline_featured_image":false},"product_brand":[],"product_cat":[15],"product_tag":[],"class_list":{"0":"post-30999","1":"product","2":"type-product","3":"status-publish","4":"has-post-thumbnail","6":"product_cat-uncategorized","8":"first","9":"instock","10":"sale","11":"shipping-taxable","12":"purchasable","13":"product-type-variable"},"acf":[],"_links":{"self":[{"href":"https:\/\/cartium.eu\/rs\/wp-json\/wp\/v2\/product\/30999","targetHints":{"allow":["GET"]}}],"collection":[{"href":"https:\/\/cartium.eu\/rs\/wp-json\/wp\/v2\/product"}],"about":[{"href":"https:\/\/cartium.eu\/rs\/wp-json\/wp\/v2\/types\/product"}],"replies":[{"embeddable":true,"href":"https:\/\/cartium.eu\/rs\/wp-json\/wp\/v2\/comments?post=30999"}],"wp:featuredmedia":[{"embeddable":true,"href":"https:\/\/cartium.eu\/rs\/wp-json\/wp\/v2\/media\/31009"}],"wp:attachment":[{"href":"https:\/\/cartium.eu\/rs\/wp-json\/wp\/v2\/media?parent=30999"}],"wp:term":[{"taxonomy":"product_brand","embeddable":true,"href":"https:\/\/cartium.eu\/rs\/wp-json\/wp\/v2\/product_brand?post=30999"},{"taxonomy":"product_cat","embeddable":true,"href":"https:\/\/cartium.eu\/rs\/wp-json\/wp\/v2\/product_cat?post=30999"},{"taxonomy":"product_tag","embeddable":true,"href":"https:\/\/cartium.eu\/rs\/wp-json\/wp\/v2\/product_tag?post=30999"}],"curies":[{"name":"wp","href":"https:\/\/api.w.org\/{rel}","templated":true}]}}