{"id":31632,"date":"2023-07-27T12:17:34","date_gmt":"2023-07-27T10:17:34","guid":{"rendered":"https:\/\/cartium.eu\/rs\/?post_type=product&#038;p=31632"},"modified":"2023-07-27T13:22:52","modified_gmt":"2023-07-27T11:22:52","slug":"trenazer-za-struk-2","status":"publish","type":"product","link":"https:\/\/cartium.eu\/rs\/proizvod\/trenazer-za-struk-2\/","title":{"rendered":"Trena\u017eer za struk"},"content":{"rendered":"","protected":false},"excerpt":{"rendered":"<p>Udobna i prozra\u010dna elasti\u010dna traka za stuk i le\u0111a vam pru\u017ea ose\u0107aj sigurnosti i lako\u0107e u kretanju. Smanjuje bol u le\u0111ima i br\u017ee sagorevanje kalorije, a celulit nestaje \u010dak za 2-3 puta br\u017ee sa ovom trakom.<\/p>\n","protected":false},"featured_media":31640,"comment_status":"closed","ping_status":"closed","template":"","meta":{"inline_featured_image":false},"product_brand":[],"product_cat":[15,28,26],"product_tag":[],"class_list":{"0":"post-31632","1":"product","2":"type-product","3":"status-publish","4":"has-post-thumbnail","6":"product_cat-uncategorized","7":"product_cat-beauty","8":"product_cat-health","10":"first","11":"instock","12":"sale","13":"shipping-taxable","14":"purchasable","15":"product-type-simple"},"acf":[],"_links":{"self":[{"href":"https:\/\/cartium.eu\/rs\/wp-json\/wp\/v2\/product\/31632","targetHints":{"allow":["GET"]}}],"collection":[{"href":"https:\/\/cartium.eu\/rs\/wp-json\/wp\/v2\/product"}],"about":[{"href":"https:\/\/cartium.eu\/rs\/wp-json\/wp\/v2\/types\/product"}],"replies":[{"embeddable":true,"href":"https:\/\/cartium.eu\/rs\/wp-json\/wp\/v2\/comments?post=31632"}],"wp:featuredmedia":[{"embeddable":true,"href":"https:\/\/cartium.eu\/rs\/wp-json\/wp\/v2\/media\/31640"}],"wp:attachment":[{"href":"https:\/\/cartium.eu\/rs\/wp-json\/wp\/v2\/media?parent=31632"}],"wp:term":[{"taxonomy":"product_brand","embeddable":true,"href":"https:\/\/cartium.eu\/rs\/wp-json\/wp\/v2\/product_brand?post=31632"},{"taxonomy":"product_cat","embeddable":true,"href":"https:\/\/cartium.eu\/rs\/wp-json\/wp\/v2\/product_cat?post=31632"},{"taxonomy":"product_tag","embeddable":true,"href":"https:\/\/cartium.eu\/rs\/wp-json\/wp\/v2\/product_tag?post=31632"}],"curies":[{"name":"wp","href":"https:\/\/api.w.org\/{rel}","templated":true}]}}