{"id":32394,"date":"2023-08-08T08:51:46","date_gmt":"2023-08-08T06:51:46","guid":{"rendered":"https:\/\/cartium.eu\/rs\/?post_type=product&#038;p=32394"},"modified":"2023-09-16T13:18:41","modified_gmt":"2023-09-16T11:18:41","slug":"okviri-za-decije-radove-2","status":"publish","type":"product","link":"https:\/\/cartium.eu\/rs\/proizvod\/okviri-za-decije-radove-2\/","title":{"rendered":"Okviri za de\u010dije radove"},"content":{"rendered":"","protected":false},"excerpt":{"rendered":"<p>Sa\u010duvajte radove va\u0161e dece, diplome ili fotografije i ponosno ih izlo\u017eite na zidu ili name\u0161taju. Mali umetnici \u0107e biti odu\u0161evljeni!<\/p>\n","protected":false},"featured_media":32400,"comment_status":"closed","ping_status":"closed","template":"","meta":{"inline_featured_image":false},"product_brand":[],"product_cat":[15,27,35],"product_tag":[],"class_list":{"0":"post-32394","1":"product","2":"type-product","3":"status-publish","4":"has-post-thumbnail","6":"product_cat-uncategorized","7":"product_cat-home","8":"product_cat-fun","10":"first","11":"instock","12":"sale","13":"shipping-taxable","14":"purchasable","15":"product-type-simple"},"acf":[],"_links":{"self":[{"href":"https:\/\/cartium.eu\/rs\/wp-json\/wp\/v2\/product\/32394","targetHints":{"allow":["GET"]}}],"collection":[{"href":"https:\/\/cartium.eu\/rs\/wp-json\/wp\/v2\/product"}],"about":[{"href":"https:\/\/cartium.eu\/rs\/wp-json\/wp\/v2\/types\/product"}],"replies":[{"embeddable":true,"href":"https:\/\/cartium.eu\/rs\/wp-json\/wp\/v2\/comments?post=32394"}],"wp:featuredmedia":[{"embeddable":true,"href":"https:\/\/cartium.eu\/rs\/wp-json\/wp\/v2\/media\/32400"}],"wp:attachment":[{"href":"https:\/\/cartium.eu\/rs\/wp-json\/wp\/v2\/media?parent=32394"}],"wp:term":[{"taxonomy":"product_brand","embeddable":true,"href":"https:\/\/cartium.eu\/rs\/wp-json\/wp\/v2\/product_brand?post=32394"},{"taxonomy":"product_cat","embeddable":true,"href":"https:\/\/cartium.eu\/rs\/wp-json\/wp\/v2\/product_cat?post=32394"},{"taxonomy":"product_tag","embeddable":true,"href":"https:\/\/cartium.eu\/rs\/wp-json\/wp\/v2\/product_tag?post=32394"}],"curies":[{"name":"wp","href":"https:\/\/api.w.org\/{rel}","templated":true}]}}