{"id":32424,"date":"2023-08-08T12:11:52","date_gmt":"2023-08-08T10:11:52","guid":{"rendered":"https:\/\/cartium.eu\/rs\/?post_type=product&#038;p=32424"},"modified":"2024-05-02T19:01:54","modified_gmt":"2024-05-02T17:01:54","slug":"multifunkcionalna-sprava-za-vezbanje-2","status":"publish","type":"product","link":"https:\/\/cartium.eu\/rs\/proizvod\/multifunkcionalna-sprava-za-vezbanje-2\/","title":{"rendered":"Multifunkcionalna sprava za ve\u017ebanje"},"content":{"rendered":"","protected":false},"excerpt":{"rendered":"<p>Idealna sprava za ja\u010danje i zatezanje svih mi\u0161i\u0107a! Zategnite i u\u010dvrsite le\u0111a, ramena, ruke, prsa, tricepse i stomak uklju\u010duju\u0107i i fleksore kuka. Sa jednom spravom dovedite se u top formu!<\/p>\n","protected":false},"featured_media":32439,"comment_status":"closed","ping_status":"closed","template":"","meta":{"inline_featured_image":false},"product_brand":[],"product_cat":[15,28,26],"product_tag":[],"class_list":{"0":"post-32424","1":"product","2":"type-product","3":"status-publish","4":"has-post-thumbnail","6":"product_cat-uncategorized","7":"product_cat-beauty","8":"product_cat-health","10":"first","11":"instock","12":"sale","13":"shipping-taxable","14":"purchasable","15":"product-type-simple"},"acf":[],"_links":{"self":[{"href":"https:\/\/cartium.eu\/rs\/wp-json\/wp\/v2\/product\/32424","targetHints":{"allow":["GET"]}}],"collection":[{"href":"https:\/\/cartium.eu\/rs\/wp-json\/wp\/v2\/product"}],"about":[{"href":"https:\/\/cartium.eu\/rs\/wp-json\/wp\/v2\/types\/product"}],"replies":[{"embeddable":true,"href":"https:\/\/cartium.eu\/rs\/wp-json\/wp\/v2\/comments?post=32424"}],"wp:featuredmedia":[{"embeddable":true,"href":"https:\/\/cartium.eu\/rs\/wp-json\/wp\/v2\/media\/32439"}],"wp:attachment":[{"href":"https:\/\/cartium.eu\/rs\/wp-json\/wp\/v2\/media?parent=32424"}],"wp:term":[{"taxonomy":"product_brand","embeddable":true,"href":"https:\/\/cartium.eu\/rs\/wp-json\/wp\/v2\/product_brand?post=32424"},{"taxonomy":"product_cat","embeddable":true,"href":"https:\/\/cartium.eu\/rs\/wp-json\/wp\/v2\/product_cat?post=32424"},{"taxonomy":"product_tag","embeddable":true,"href":"https:\/\/cartium.eu\/rs\/wp-json\/wp\/v2\/product_tag?post=32424"}],"curies":[{"name":"wp","href":"https:\/\/api.w.org\/{rel}","templated":true}]}}