{"id":32771,"date":"2023-08-14T15:05:45","date_gmt":"2023-08-14T13:05:45","guid":{"rendered":"https:\/\/cartium.eu\/rs\/?post_type=product&#038;p=32771"},"modified":"2023-08-16T11:33:09","modified_gmt":"2023-08-16T09:33:09","slug":"montessori-razvojna-igra-za-decu","status":"publish","type":"product","link":"https:\/\/cartium.eu\/rs\/proizvod\/montessori-razvojna-igra-za-decu\/","title":{"rendered":"Montessori razvojna  igra za decu"},"content":{"rendered":"","protected":false},"excerpt":{"rendered":"<p>Ova igra vi\u0161e je od igra\u010dke, ovo je zabavan na\u010din da se pobolj\u0161a ve\u0161tina re\u0161avanja problema, istrenira fokus i logi\u010dko zaklju\u010divanje!<\/p>\n","protected":false},"featured_media":32774,"comment_status":"closed","ping_status":"closed","template":"","meta":{"inline_featured_image":false},"product_brand":[],"product_cat":[15],"product_tag":[],"class_list":{"0":"post-32771","1":"product","2":"type-product","3":"status-publish","4":"has-post-thumbnail","6":"product_cat-uncategorized","8":"first","9":"instock","10":"sale","11":"shipping-taxable","12":"purchasable","13":"product-type-simple"},"acf":[],"_links":{"self":[{"href":"https:\/\/cartium.eu\/rs\/wp-json\/wp\/v2\/product\/32771","targetHints":{"allow":["GET"]}}],"collection":[{"href":"https:\/\/cartium.eu\/rs\/wp-json\/wp\/v2\/product"}],"about":[{"href":"https:\/\/cartium.eu\/rs\/wp-json\/wp\/v2\/types\/product"}],"replies":[{"embeddable":true,"href":"https:\/\/cartium.eu\/rs\/wp-json\/wp\/v2\/comments?post=32771"}],"wp:featuredmedia":[{"embeddable":true,"href":"https:\/\/cartium.eu\/rs\/wp-json\/wp\/v2\/media\/32774"}],"wp:attachment":[{"href":"https:\/\/cartium.eu\/rs\/wp-json\/wp\/v2\/media?parent=32771"}],"wp:term":[{"taxonomy":"product_brand","embeddable":true,"href":"https:\/\/cartium.eu\/rs\/wp-json\/wp\/v2\/product_brand?post=32771"},{"taxonomy":"product_cat","embeddable":true,"href":"https:\/\/cartium.eu\/rs\/wp-json\/wp\/v2\/product_cat?post=32771"},{"taxonomy":"product_tag","embeddable":true,"href":"https:\/\/cartium.eu\/rs\/wp-json\/wp\/v2\/product_tag?post=32771"}],"curies":[{"name":"wp","href":"https:\/\/api.w.org\/{rel}","templated":true}]}}