{"id":32803,"date":"2023-08-15T09:14:27","date_gmt":"2023-08-15T07:14:27","guid":{"rendered":"https:\/\/cartium.eu\/rs\/?post_type=product&#038;p=32803"},"modified":"2023-08-16T11:37:26","modified_gmt":"2023-08-16T09:37:26","slug":"interaktivna-igra-slaganja-blokova","status":"publish","type":"product","link":"https:\/\/cartium.eu\/rs\/proizvod\/interaktivna-igra-slaganja-blokova\/","title":{"rendered":"Interaktivna igra slaganja blokova"},"content":{"rendered":"","protected":false},"excerpt":{"rendered":"<p>Interaktivna igra slaganja blokova odli\u010dan je na\u010din podsticanja logi\u010dkog razmi\u0161ljanja, koordinacije ruku i o\u010diju i zabavljanja satima!<\/p>\n","protected":false},"featured_media":32813,"comment_status":"closed","ping_status":"closed","template":"","meta":{"inline_featured_image":false},"product_brand":[],"product_cat":[15],"product_tag":[],"class_list":{"0":"post-32803","1":"product","2":"type-product","3":"status-publish","4":"has-post-thumbnail","6":"product_cat-uncategorized","8":"first","9":"instock","10":"sale","11":"shipping-taxable","12":"purchasable","13":"product-type-simple"},"acf":[],"_links":{"self":[{"href":"https:\/\/cartium.eu\/rs\/wp-json\/wp\/v2\/product\/32803","targetHints":{"allow":["GET"]}}],"collection":[{"href":"https:\/\/cartium.eu\/rs\/wp-json\/wp\/v2\/product"}],"about":[{"href":"https:\/\/cartium.eu\/rs\/wp-json\/wp\/v2\/types\/product"}],"replies":[{"embeddable":true,"href":"https:\/\/cartium.eu\/rs\/wp-json\/wp\/v2\/comments?post=32803"}],"wp:featuredmedia":[{"embeddable":true,"href":"https:\/\/cartium.eu\/rs\/wp-json\/wp\/v2\/media\/32813"}],"wp:attachment":[{"href":"https:\/\/cartium.eu\/rs\/wp-json\/wp\/v2\/media?parent=32803"}],"wp:term":[{"taxonomy":"product_brand","embeddable":true,"href":"https:\/\/cartium.eu\/rs\/wp-json\/wp\/v2\/product_brand?post=32803"},{"taxonomy":"product_cat","embeddable":true,"href":"https:\/\/cartium.eu\/rs\/wp-json\/wp\/v2\/product_cat?post=32803"},{"taxonomy":"product_tag","embeddable":true,"href":"https:\/\/cartium.eu\/rs\/wp-json\/wp\/v2\/product_tag?post=32803"}],"curies":[{"name":"wp","href":"https:\/\/api.w.org\/{rel}","templated":true}]}}