{"id":32886,"date":"2023-08-15T14:42:59","date_gmt":"2023-08-15T12:42:59","guid":{"rendered":"https:\/\/cartium.eu\/rs\/?post_type=product&#038;p=32886"},"modified":"2023-08-16T11:44:25","modified_gmt":"2023-08-16T09:44:25","slug":"bejzbol-set-katapult","status":"publish","type":"product","link":"https:\/\/cartium.eu\/rs\/proizvod\/bejzbol-set-katapult\/","title":{"rendered":"Bejzbol set -katapult"},"content":{"rendered":"","protected":false},"excerpt":{"rendered":"<p>Podesivi bejzbol set odu\u0161evi\u0107e svakog de\u010daka i devoj\u010dicu! Poklonite ovaj katapult i pru\u017eite im neverovatnu zabavu!<\/p>\n","protected":false},"featured_media":32891,"comment_status":"closed","ping_status":"closed","template":"","meta":{"inline_featured_image":false},"product_brand":[],"product_cat":[15],"product_tag":[],"class_list":{"0":"post-32886","1":"product","2":"type-product","3":"status-publish","4":"has-post-thumbnail","6":"product_cat-uncategorized","8":"first","9":"instock","10":"sale","11":"shipping-taxable","12":"purchasable","13":"product-type-simple"},"acf":[],"_links":{"self":[{"href":"https:\/\/cartium.eu\/rs\/wp-json\/wp\/v2\/product\/32886","targetHints":{"allow":["GET"]}}],"collection":[{"href":"https:\/\/cartium.eu\/rs\/wp-json\/wp\/v2\/product"}],"about":[{"href":"https:\/\/cartium.eu\/rs\/wp-json\/wp\/v2\/types\/product"}],"replies":[{"embeddable":true,"href":"https:\/\/cartium.eu\/rs\/wp-json\/wp\/v2\/comments?post=32886"}],"wp:featuredmedia":[{"embeddable":true,"href":"https:\/\/cartium.eu\/rs\/wp-json\/wp\/v2\/media\/32891"}],"wp:attachment":[{"href":"https:\/\/cartium.eu\/rs\/wp-json\/wp\/v2\/media?parent=32886"}],"wp:term":[{"taxonomy":"product_brand","embeddable":true,"href":"https:\/\/cartium.eu\/rs\/wp-json\/wp\/v2\/product_brand?post=32886"},{"taxonomy":"product_cat","embeddable":true,"href":"https:\/\/cartium.eu\/rs\/wp-json\/wp\/v2\/product_cat?post=32886"},{"taxonomy":"product_tag","embeddable":true,"href":"https:\/\/cartium.eu\/rs\/wp-json\/wp\/v2\/product_tag?post=32886"}],"curies":[{"name":"wp","href":"https:\/\/api.w.org\/{rel}","templated":true}]}}