{"id":33177,"date":"2023-08-21T09:07:26","date_gmt":"2023-08-21T07:07:26","guid":{"rendered":"https:\/\/cartium.eu\/rs\/?post_type=product&#038;p=33177"},"modified":"2023-10-03T16:58:43","modified_gmt":"2023-10-03T14:58:43","slug":"montessori-bozicno-drvce-od-kockica-sa-muzikom","status":"publish","type":"product","link":"https:\/\/cartium.eu\/rs\/proizvod\/montessori-bozicno-drvce-od-kockica-sa-muzikom\/","title":{"rendered":"Montessori Bo\u017ei\u0107no drvce od kockica sa muzikom"},"content":{"rendered":"","protected":false},"excerpt":{"rendered":"<p>Unikatno muzi\u010dko drvce od malih kockica obezbedi\u0107e vam mnogo zabave i zadovoljstva prilikom sastavljanja! Neobi\u010dan i unikatan ukras!<\/p>\n","protected":false},"featured_media":33179,"comment_status":"closed","ping_status":"closed","template":"","meta":{"inline_featured_image":false},"product_brand":[],"product_cat":[15],"product_tag":[],"class_list":{"0":"post-33177","1":"product","2":"type-product","3":"status-publish","4":"has-post-thumbnail","6":"product_cat-uncategorized","8":"first","9":"instock","10":"sale","11":"shipping-taxable","12":"purchasable","13":"product-type-simple"},"acf":[],"_links":{"self":[{"href":"https:\/\/cartium.eu\/rs\/wp-json\/wp\/v2\/product\/33177","targetHints":{"allow":["GET"]}}],"collection":[{"href":"https:\/\/cartium.eu\/rs\/wp-json\/wp\/v2\/product"}],"about":[{"href":"https:\/\/cartium.eu\/rs\/wp-json\/wp\/v2\/types\/product"}],"replies":[{"embeddable":true,"href":"https:\/\/cartium.eu\/rs\/wp-json\/wp\/v2\/comments?post=33177"}],"wp:featuredmedia":[{"embeddable":true,"href":"https:\/\/cartium.eu\/rs\/wp-json\/wp\/v2\/media\/33179"}],"wp:attachment":[{"href":"https:\/\/cartium.eu\/rs\/wp-json\/wp\/v2\/media?parent=33177"}],"wp:term":[{"taxonomy":"product_brand","embeddable":true,"href":"https:\/\/cartium.eu\/rs\/wp-json\/wp\/v2\/product_brand?post=33177"},{"taxonomy":"product_cat","embeddable":true,"href":"https:\/\/cartium.eu\/rs\/wp-json\/wp\/v2\/product_cat?post=33177"},{"taxonomy":"product_tag","embeddable":true,"href":"https:\/\/cartium.eu\/rs\/wp-json\/wp\/v2\/product_tag?post=33177"}],"curies":[{"name":"wp","href":"https:\/\/api.w.org\/{rel}","templated":true}]}}