{"id":33567,"date":"2023-09-08T14:59:04","date_gmt":"2023-09-08T12:59:04","guid":{"rendered":"https:\/\/cartium.eu\/rs\/?post_type=product&#038;p=33567"},"modified":"2023-09-08T17:03:06","modified_gmt":"2023-09-08T15:03:06","slug":"rotirajuci-aluminijski-stalak-za-tablet","status":"publish","type":"product","link":"https:\/\/cartium.eu\/rs\/proizvod\/rotirajuci-aluminijski-stalak-za-tablet\/","title":{"rendered":"Rotiraju\u0107i aluminijski stalak za tablet"},"content":{"rendered":"","protected":false},"excerpt":{"rendered":"<p>Izdr\u017eljivi rotiraju\u0107i stalak za tablet potpuno je podesiv po visini i uglu. Podesite ga po vlastitim potrebama kako bi smanjili nelagodnost u vratu i telu.<\/p>\n","protected":false},"featured_media":33576,"comment_status":"closed","ping_status":"closed","template":"","meta":{"inline_featured_image":false},"product_brand":[],"product_cat":[15,27],"product_tag":[],"class_list":{"0":"post-33567","1":"product","2":"type-product","3":"status-publish","4":"has-post-thumbnail","6":"product_cat-uncategorized","7":"product_cat-home","9":"first","10":"instock","11":"sale","12":"shipping-taxable","13":"purchasable","14":"product-type-simple"},"acf":[],"_links":{"self":[{"href":"https:\/\/cartium.eu\/rs\/wp-json\/wp\/v2\/product\/33567","targetHints":{"allow":["GET"]}}],"collection":[{"href":"https:\/\/cartium.eu\/rs\/wp-json\/wp\/v2\/product"}],"about":[{"href":"https:\/\/cartium.eu\/rs\/wp-json\/wp\/v2\/types\/product"}],"replies":[{"embeddable":true,"href":"https:\/\/cartium.eu\/rs\/wp-json\/wp\/v2\/comments?post=33567"}],"wp:featuredmedia":[{"embeddable":true,"href":"https:\/\/cartium.eu\/rs\/wp-json\/wp\/v2\/media\/33576"}],"wp:attachment":[{"href":"https:\/\/cartium.eu\/rs\/wp-json\/wp\/v2\/media?parent=33567"}],"wp:term":[{"taxonomy":"product_brand","embeddable":true,"href":"https:\/\/cartium.eu\/rs\/wp-json\/wp\/v2\/product_brand?post=33567"},{"taxonomy":"product_cat","embeddable":true,"href":"https:\/\/cartium.eu\/rs\/wp-json\/wp\/v2\/product_cat?post=33567"},{"taxonomy":"product_tag","embeddable":true,"href":"https:\/\/cartium.eu\/rs\/wp-json\/wp\/v2\/product_tag?post=33567"}],"curies":[{"name":"wp","href":"https:\/\/api.w.org\/{rel}","templated":true}]}}