{"id":35048,"date":"2023-09-26T09:57:53","date_gmt":"2023-09-26T07:57:53","guid":{"rendered":"https:\/\/cartium.eu\/rs\/?post_type=product&#038;p=35048"},"modified":"2025-04-10T12:57:58","modified_gmt":"2025-04-10T10:57:58","slug":"magnetna-knjiga-za-sredjivanje-lutkica","status":"publish","type":"product","link":"https:\/\/cartium.eu\/rs\/proizvod\/magnetna-knjiga-za-sredjivanje-lutkica\/","title":{"rendered":"Magnetna knjiga za sre\u0111ivanje lutkica"},"content":{"rendered":"","protected":false},"excerpt":{"rendered":"<p>Idealan poklon za devoj\u010dice! Sklapanje ode\u0107e i modnih kombinacija nikad nisu bili lak\u0161i i zabavniji!<\/p>\n","protected":false},"featured_media":35049,"comment_status":"closed","ping_status":"closed","template":"","meta":{"inline_featured_image":false},"product_brand":[],"product_cat":[15],"product_tag":[],"class_list":{"0":"post-35048","1":"product","2":"type-product","3":"status-publish","4":"has-post-thumbnail","6":"product_cat-uncategorized","8":"first","9":"instock","10":"sale","11":"shipping-taxable","12":"purchasable","13":"product-type-simple"},"acf":[],"_links":{"self":[{"href":"https:\/\/cartium.eu\/rs\/wp-json\/wp\/v2\/product\/35048","targetHints":{"allow":["GET"]}}],"collection":[{"href":"https:\/\/cartium.eu\/rs\/wp-json\/wp\/v2\/product"}],"about":[{"href":"https:\/\/cartium.eu\/rs\/wp-json\/wp\/v2\/types\/product"}],"replies":[{"embeddable":true,"href":"https:\/\/cartium.eu\/rs\/wp-json\/wp\/v2\/comments?post=35048"}],"wp:featuredmedia":[{"embeddable":true,"href":"https:\/\/cartium.eu\/rs\/wp-json\/wp\/v2\/media\/35049"}],"wp:attachment":[{"href":"https:\/\/cartium.eu\/rs\/wp-json\/wp\/v2\/media?parent=35048"}],"wp:term":[{"taxonomy":"product_brand","embeddable":true,"href":"https:\/\/cartium.eu\/rs\/wp-json\/wp\/v2\/product_brand?post=35048"},{"taxonomy":"product_cat","embeddable":true,"href":"https:\/\/cartium.eu\/rs\/wp-json\/wp\/v2\/product_cat?post=35048"},{"taxonomy":"product_tag","embeddable":true,"href":"https:\/\/cartium.eu\/rs\/wp-json\/wp\/v2\/product_tag?post=35048"}],"curies":[{"name":"wp","href":"https:\/\/api.w.org\/{rel}","templated":true}]}}