{"id":35057,"date":"2023-09-26T10:53:43","date_gmt":"2023-09-26T08:53:43","guid":{"rendered":"https:\/\/cartium.eu\/rs\/?post_type=product&#038;p=35057"},"modified":"2023-10-03T16:54:30","modified_gmt":"2023-10-03T14:54:30","slug":"rucni-diy-kalendar","status":"publish","type":"product","link":"https:\/\/cartium.eu\/rs\/proizvod\/rucni-diy-kalendar\/","title":{"rendered":"Ru\u010dni DIY kalendar"},"content":{"rendered":"","protected":false},"excerpt":{"rendered":"<p>Dugove\u010dni kalendar izra\u0111en po interesantnoj metodi, simpati\u010dnog izgleda i funkcionalnosti!<\/p>\n","protected":false},"featured_media":35062,"comment_status":"closed","ping_status":"closed","template":"","meta":{"inline_featured_image":false},"product_brand":[],"product_cat":[15],"product_tag":[],"class_list":{"0":"post-35057","1":"product","2":"type-product","3":"status-publish","4":"has-post-thumbnail","6":"product_cat-uncategorized","8":"first","9":"instock","10":"sale","11":"shipping-taxable","12":"purchasable","13":"product-type-simple"},"acf":[],"_links":{"self":[{"href":"https:\/\/cartium.eu\/rs\/wp-json\/wp\/v2\/product\/35057","targetHints":{"allow":["GET"]}}],"collection":[{"href":"https:\/\/cartium.eu\/rs\/wp-json\/wp\/v2\/product"}],"about":[{"href":"https:\/\/cartium.eu\/rs\/wp-json\/wp\/v2\/types\/product"}],"replies":[{"embeddable":true,"href":"https:\/\/cartium.eu\/rs\/wp-json\/wp\/v2\/comments?post=35057"}],"wp:featuredmedia":[{"embeddable":true,"href":"https:\/\/cartium.eu\/rs\/wp-json\/wp\/v2\/media\/35062"}],"wp:attachment":[{"href":"https:\/\/cartium.eu\/rs\/wp-json\/wp\/v2\/media?parent=35057"}],"wp:term":[{"taxonomy":"product_brand","embeddable":true,"href":"https:\/\/cartium.eu\/rs\/wp-json\/wp\/v2\/product_brand?post=35057"},{"taxonomy":"product_cat","embeddable":true,"href":"https:\/\/cartium.eu\/rs\/wp-json\/wp\/v2\/product_cat?post=35057"},{"taxonomy":"product_tag","embeddable":true,"href":"https:\/\/cartium.eu\/rs\/wp-json\/wp\/v2\/product_tag?post=35057"}],"curies":[{"name":"wp","href":"https:\/\/api.w.org\/{rel}","templated":true}]}}