{"id":36925,"date":"2023-10-30T10:02:42","date_gmt":"2023-10-30T09:02:42","guid":{"rendered":"https:\/\/cartium.eu\/rs\/?post_type=product&#038;p=36925"},"modified":"2023-12-22T11:24:12","modified_gmt":"2023-12-22T10:24:12","slug":"drift-rc-auto-2","status":"publish","type":"product","link":"https:\/\/cartium.eu\/rs\/proizvod\/drift-rc-auto-2\/","title":{"rendered":"Drift RC auto"},"content":{"rendered":"","protected":false},"excerpt":{"rendered":"<p>Pretvorite svoj dom u drift stazu za auti\u0107e. Neobi\u010dan na\u010din igre dugo \u0107e da dr\u017ei pa\u017enju i pru\u017ei nezaboravnu zabavu!<\/p>\n","protected":false},"featured_media":38011,"comment_status":"closed","ping_status":"closed","template":"","meta":{"inline_featured_image":false},"product_brand":[],"product_cat":[15,35],"product_tag":[],"class_list":{"0":"post-36925","1":"product","2":"type-product","3":"status-publish","4":"has-post-thumbnail","6":"product_cat-uncategorized","7":"product_cat-fun","9":"first","10":"instock","11":"sale","12":"shipping-taxable","13":"purchasable","14":"product-type-simple"},"acf":[],"_links":{"self":[{"href":"https:\/\/cartium.eu\/rs\/wp-json\/wp\/v2\/product\/36925","targetHints":{"allow":["GET"]}}],"collection":[{"href":"https:\/\/cartium.eu\/rs\/wp-json\/wp\/v2\/product"}],"about":[{"href":"https:\/\/cartium.eu\/rs\/wp-json\/wp\/v2\/types\/product"}],"replies":[{"embeddable":true,"href":"https:\/\/cartium.eu\/rs\/wp-json\/wp\/v2\/comments?post=36925"}],"wp:featuredmedia":[{"embeddable":true,"href":"https:\/\/cartium.eu\/rs\/wp-json\/wp\/v2\/media\/38011"}],"wp:attachment":[{"href":"https:\/\/cartium.eu\/rs\/wp-json\/wp\/v2\/media?parent=36925"}],"wp:term":[{"taxonomy":"product_brand","embeddable":true,"href":"https:\/\/cartium.eu\/rs\/wp-json\/wp\/v2\/product_brand?post=36925"},{"taxonomy":"product_cat","embeddable":true,"href":"https:\/\/cartium.eu\/rs\/wp-json\/wp\/v2\/product_cat?post=36925"},{"taxonomy":"product_tag","embeddable":true,"href":"https:\/\/cartium.eu\/rs\/wp-json\/wp\/v2\/product_tag?post=36925"}],"curies":[{"name":"wp","href":"https:\/\/api.w.org\/{rel}","templated":true}]}}