{"id":37209,"date":"2023-11-03T11:58:11","date_gmt":"2023-11-03T10:58:11","guid":{"rendered":"https:\/\/cartium.eu\/rs\/?post_type=product&#038;p=37209"},"modified":"2024-02-10T15:24:51","modified_gmt":"2024-02-10T14:24:51","slug":"uvijac-za-pravljenje-talasa","status":"publish","type":"product","link":"https:\/\/cartium.eu\/rs\/proizvod\/uvijac-za-pravljenje-talasa\/","title":{"rendered":"Uvija\u010d za pravljenje talasa"},"content":{"rendered":"","protected":false},"excerpt":{"rendered":"<p>Stilizujte va\u0161u kosu sa ovim prakti\u010dnim uvija\u010dem za pravljenje predivnih talasa u nekoliko jednostavnih poteza!<\/p>\n","protected":false},"featured_media":37216,"comment_status":"closed","ping_status":"closed","template":"","meta":{"inline_featured_image":false},"product_brand":[],"product_cat":[15],"product_tag":[],"class_list":{"0":"post-37209","1":"product","2":"type-product","3":"status-publish","4":"has-post-thumbnail","6":"product_cat-uncategorized","8":"first","9":"instock","10":"sale","11":"shipping-taxable","12":"purchasable","13":"product-type-simple"},"acf":[],"_links":{"self":[{"href":"https:\/\/cartium.eu\/rs\/wp-json\/wp\/v2\/product\/37209","targetHints":{"allow":["GET"]}}],"collection":[{"href":"https:\/\/cartium.eu\/rs\/wp-json\/wp\/v2\/product"}],"about":[{"href":"https:\/\/cartium.eu\/rs\/wp-json\/wp\/v2\/types\/product"}],"replies":[{"embeddable":true,"href":"https:\/\/cartium.eu\/rs\/wp-json\/wp\/v2\/comments?post=37209"}],"wp:featuredmedia":[{"embeddable":true,"href":"https:\/\/cartium.eu\/rs\/wp-json\/wp\/v2\/media\/37216"}],"wp:attachment":[{"href":"https:\/\/cartium.eu\/rs\/wp-json\/wp\/v2\/media?parent=37209"}],"wp:term":[{"taxonomy":"product_brand","embeddable":true,"href":"https:\/\/cartium.eu\/rs\/wp-json\/wp\/v2\/product_brand?post=37209"},{"taxonomy":"product_cat","embeddable":true,"href":"https:\/\/cartium.eu\/rs\/wp-json\/wp\/v2\/product_cat?post=37209"},{"taxonomy":"product_tag","embeddable":true,"href":"https:\/\/cartium.eu\/rs\/wp-json\/wp\/v2\/product_tag?post=37209"}],"curies":[{"name":"wp","href":"https:\/\/api.w.org\/{rel}","templated":true}]}}