{"id":38726,"date":"2023-12-13T11:25:50","date_gmt":"2023-12-13T10:25:50","guid":{"rendered":"https:\/\/cartium.eu\/rs\/?post_type=product&#038;p=38726"},"modified":"2024-02-10T14:57:47","modified_gmt":"2024-02-10T13:57:47","slug":"mini-masina-za-hvatanje-igracaka","status":"publish","type":"product","link":"https:\/\/cartium.eu\/rs\/proizvod\/mini-masina-za-hvatanje-igracaka\/","title":{"rendered":"Mini ma\u0161ina za hvatanje igra\u010daka"},"content":{"rendered":"","protected":false},"excerpt":{"rendered":"<p>Zabavna mini ma\u0161ina sa kand\u017eom za hvatanje predmeta osigura\u0107e vam sate i sate zabave i smeha. Simpati\u010dan dizajn i prelepi detalji!<\/p>\n","protected":false},"featured_media":38729,"comment_status":"closed","ping_status":"closed","template":"","meta":{"inline_featured_image":false},"product_brand":[],"product_cat":[15],"product_tag":[],"class_list":{"0":"post-38726","1":"product","2":"type-product","3":"status-publish","4":"has-post-thumbnail","6":"product_cat-uncategorized","8":"first","9":"instock","10":"sale","11":"shipping-taxable","12":"purchasable","13":"product-type-simple"},"acf":[],"_links":{"self":[{"href":"https:\/\/cartium.eu\/rs\/wp-json\/wp\/v2\/product\/38726","targetHints":{"allow":["GET"]}}],"collection":[{"href":"https:\/\/cartium.eu\/rs\/wp-json\/wp\/v2\/product"}],"about":[{"href":"https:\/\/cartium.eu\/rs\/wp-json\/wp\/v2\/types\/product"}],"replies":[{"embeddable":true,"href":"https:\/\/cartium.eu\/rs\/wp-json\/wp\/v2\/comments?post=38726"}],"wp:featuredmedia":[{"embeddable":true,"href":"https:\/\/cartium.eu\/rs\/wp-json\/wp\/v2\/media\/38729"}],"wp:attachment":[{"href":"https:\/\/cartium.eu\/rs\/wp-json\/wp\/v2\/media?parent=38726"}],"wp:term":[{"taxonomy":"product_brand","embeddable":true,"href":"https:\/\/cartium.eu\/rs\/wp-json\/wp\/v2\/product_brand?post=38726"},{"taxonomy":"product_cat","embeddable":true,"href":"https:\/\/cartium.eu\/rs\/wp-json\/wp\/v2\/product_cat?post=38726"},{"taxonomy":"product_tag","embeddable":true,"href":"https:\/\/cartium.eu\/rs\/wp-json\/wp\/v2\/product_tag?post=38726"}],"curies":[{"name":"wp","href":"https:\/\/api.w.org\/{rel}","templated":true}]}}