{"id":39913,"date":"2024-01-17T13:11:54","date_gmt":"2024-01-17T12:11:54","guid":{"rendered":"https:\/\/cartium.eu\/rs\/?post_type=product&#038;p=39913"},"modified":"2024-02-10T14:55:52","modified_gmt":"2024-02-10T13:55:52","slug":"elektricni-motocikl-sa-visestrukim-funkcijama","status":"publish","type":"product","link":"https:\/\/cartium.eu\/rs\/proizvod\/elektricni-motocikl-sa-visestrukim-funkcijama\/","title":{"rendered":"Elektri\u010dni motocikl sa vi\u0161estrukim funkcijama"},"content":{"rendered":"","protected":false},"excerpt":{"rendered":"<p>Fantasti\u010dni rotacioni elektri\u010dni motocikl sa zvu\u010dnim i svetlosnim efektima pru\u017ei\u0107e vam vrhunsku zabavu i performanse!<\/p>\n","protected":false},"featured_media":39919,"comment_status":"closed","ping_status":"closed","template":"","meta":{"inline_featured_image":false},"product_brand":[],"product_cat":[15],"product_tag":[],"class_list":{"0":"post-39913","1":"product","2":"type-product","3":"status-publish","4":"has-post-thumbnail","6":"product_cat-uncategorized","8":"first","9":"instock","10":"sale","11":"shipping-taxable","12":"purchasable","13":"product-type-simple"},"acf":[],"_links":{"self":[{"href":"https:\/\/cartium.eu\/rs\/wp-json\/wp\/v2\/product\/39913","targetHints":{"allow":["GET"]}}],"collection":[{"href":"https:\/\/cartium.eu\/rs\/wp-json\/wp\/v2\/product"}],"about":[{"href":"https:\/\/cartium.eu\/rs\/wp-json\/wp\/v2\/types\/product"}],"replies":[{"embeddable":true,"href":"https:\/\/cartium.eu\/rs\/wp-json\/wp\/v2\/comments?post=39913"}],"wp:featuredmedia":[{"embeddable":true,"href":"https:\/\/cartium.eu\/rs\/wp-json\/wp\/v2\/media\/39919"}],"wp:attachment":[{"href":"https:\/\/cartium.eu\/rs\/wp-json\/wp\/v2\/media?parent=39913"}],"wp:term":[{"taxonomy":"product_brand","embeddable":true,"href":"https:\/\/cartium.eu\/rs\/wp-json\/wp\/v2\/product_brand?post=39913"},{"taxonomy":"product_cat","embeddable":true,"href":"https:\/\/cartium.eu\/rs\/wp-json\/wp\/v2\/product_cat?post=39913"},{"taxonomy":"product_tag","embeddable":true,"href":"https:\/\/cartium.eu\/rs\/wp-json\/wp\/v2\/product_tag?post=39913"}],"curies":[{"name":"wp","href":"https:\/\/api.w.org\/{rel}","templated":true}]}}