{"id":39941,"date":"2024-01-18T10:19:20","date_gmt":"2024-01-18T09:19:20","guid":{"rendered":"https:\/\/cartium.eu\/rs\/?post_type=product&#038;p=39941"},"modified":"2024-02-14T13:26:57","modified_gmt":"2024-02-14T12:26:57","slug":"tecna-krema-za-kozu","status":"publish","type":"product","link":"https:\/\/cartium.eu\/rs\/proizvod\/tecna-krema-za-kozu\/","title":{"rendered":"Te\u010dna krema za ko\u017eu"},"content":{"rendered":"","protected":false},"excerpt":{"rendered":"<p>Nezaobilazna nega ko\u017ene obu\u0107e svih vrsta. Ne samo da \u0107e produ\u017eiti vek obu\u0107e, ve\u0107 \u0107e obezbediti da va\u0161e cipele i ko\u017eni predmeti izgledaju kao novi!<\/p>\n","protected":false},"featured_media":39946,"comment_status":"closed","ping_status":"closed","template":"","meta":{"inline_featured_image":false},"product_brand":[],"product_cat":[15],"product_tag":[],"class_list":{"0":"post-39941","1":"product","2":"type-product","3":"status-publish","4":"has-post-thumbnail","6":"product_cat-uncategorized","8":"first","9":"instock","10":"sale","11":"shipping-taxable","12":"purchasable","13":"product-type-simple"},"acf":[],"_links":{"self":[{"href":"https:\/\/cartium.eu\/rs\/wp-json\/wp\/v2\/product\/39941","targetHints":{"allow":["GET"]}}],"collection":[{"href":"https:\/\/cartium.eu\/rs\/wp-json\/wp\/v2\/product"}],"about":[{"href":"https:\/\/cartium.eu\/rs\/wp-json\/wp\/v2\/types\/product"}],"replies":[{"embeddable":true,"href":"https:\/\/cartium.eu\/rs\/wp-json\/wp\/v2\/comments?post=39941"}],"wp:featuredmedia":[{"embeddable":true,"href":"https:\/\/cartium.eu\/rs\/wp-json\/wp\/v2\/media\/39946"}],"wp:attachment":[{"href":"https:\/\/cartium.eu\/rs\/wp-json\/wp\/v2\/media?parent=39941"}],"wp:term":[{"taxonomy":"product_brand","embeddable":true,"href":"https:\/\/cartium.eu\/rs\/wp-json\/wp\/v2\/product_brand?post=39941"},{"taxonomy":"product_cat","embeddable":true,"href":"https:\/\/cartium.eu\/rs\/wp-json\/wp\/v2\/product_cat?post=39941"},{"taxonomy":"product_tag","embeddable":true,"href":"https:\/\/cartium.eu\/rs\/wp-json\/wp\/v2\/product_tag?post=39941"}],"curies":[{"name":"wp","href":"https:\/\/api.w.org\/{rel}","templated":true}]}}