{"id":39975,"date":"2024-01-18T12:03:42","date_gmt":"2024-01-18T11:03:42","guid":{"rendered":"https:\/\/cartium.eu\/rs\/?post_type=product&#038;p=39975"},"modified":"2024-02-16T11:48:45","modified_gmt":"2024-02-16T10:48:45","slug":"sator-za-decu-na-rasklapanje","status":"publish","type":"product","link":"https:\/\/cartium.eu\/rs\/proizvod\/sator-za-decu-na-rasklapanje\/","title":{"rendered":"\u0160ator za decu na rasklapanje"},"content":{"rendered":"","protected":false},"excerpt":{"rendered":"<p>Zanimljivi \u0161ator za decu pogodan za upotrebu u zatvorenom ili na otvorenom. Zabavni motiv i velika izdr\u017eljivost i primena!<\/p>\n","protected":false},"featured_media":39976,"comment_status":"closed","ping_status":"closed","template":"","meta":{"inline_featured_image":false},"product_brand":[],"product_cat":[15],"product_tag":[],"class_list":{"0":"post-39975","1":"product","2":"type-product","3":"status-publish","4":"has-post-thumbnail","6":"product_cat-uncategorized","8":"first","9":"instock","10":"sale","11":"shipping-taxable","12":"purchasable","13":"product-type-simple"},"acf":[],"_links":{"self":[{"href":"https:\/\/cartium.eu\/rs\/wp-json\/wp\/v2\/product\/39975","targetHints":{"allow":["GET"]}}],"collection":[{"href":"https:\/\/cartium.eu\/rs\/wp-json\/wp\/v2\/product"}],"about":[{"href":"https:\/\/cartium.eu\/rs\/wp-json\/wp\/v2\/types\/product"}],"replies":[{"embeddable":true,"href":"https:\/\/cartium.eu\/rs\/wp-json\/wp\/v2\/comments?post=39975"}],"wp:featuredmedia":[{"embeddable":true,"href":"https:\/\/cartium.eu\/rs\/wp-json\/wp\/v2\/media\/39976"}],"wp:attachment":[{"href":"https:\/\/cartium.eu\/rs\/wp-json\/wp\/v2\/media?parent=39975"}],"wp:term":[{"taxonomy":"product_brand","embeddable":true,"href":"https:\/\/cartium.eu\/rs\/wp-json\/wp\/v2\/product_brand?post=39975"},{"taxonomy":"product_cat","embeddable":true,"href":"https:\/\/cartium.eu\/rs\/wp-json\/wp\/v2\/product_cat?post=39975"},{"taxonomy":"product_tag","embeddable":true,"href":"https:\/\/cartium.eu\/rs\/wp-json\/wp\/v2\/product_tag?post=39975"}],"curies":[{"name":"wp","href":"https:\/\/api.w.org\/{rel}","templated":true}]}}