{"id":39983,"date":"2024-01-18T12:23:56","date_gmt":"2024-01-18T11:23:56","guid":{"rendered":"https:\/\/cartium.eu\/rs\/?post_type=product&#038;p=39983"},"modified":"2024-02-14T13:27:13","modified_gmt":"2024-02-14T12:27:13","slug":"prirodni-mikromolekularni-sprej-sa-pcelinjim-voskom","status":"publish","type":"product","link":"https:\/\/cartium.eu\/rs\/proizvod\/prirodni-mikromolekularni-sprej-sa-pcelinjim-voskom\/","title":{"rendered":"Prirodni mikromolekularni sprej sa p\u010delinjim voskom"},"content":{"rendered":"","protected":false},"excerpt":{"rendered":"<p>Prirodni sprej vrati\u0107e va\u0161em starom name\u0161taju sve\u017einu i sjaj.Ima sna\u017ean u\u010dinak dekontaminacije koji mo\u017ee u\u010diniti da va\u0161 namje\u0161taj zablista kao nov.<\/p>\n","protected":false},"featured_media":39990,"comment_status":"closed","ping_status":"closed","template":"","meta":{"inline_featured_image":false},"product_brand":[],"product_cat":[15],"product_tag":[],"class_list":{"0":"post-39983","1":"product","2":"type-product","3":"status-publish","4":"has-post-thumbnail","6":"product_cat-uncategorized","8":"first","9":"instock","10":"sale","11":"shipping-taxable","12":"purchasable","13":"product-type-simple"},"acf":[],"_links":{"self":[{"href":"https:\/\/cartium.eu\/rs\/wp-json\/wp\/v2\/product\/39983","targetHints":{"allow":["GET"]}}],"collection":[{"href":"https:\/\/cartium.eu\/rs\/wp-json\/wp\/v2\/product"}],"about":[{"href":"https:\/\/cartium.eu\/rs\/wp-json\/wp\/v2\/types\/product"}],"replies":[{"embeddable":true,"href":"https:\/\/cartium.eu\/rs\/wp-json\/wp\/v2\/comments?post=39983"}],"wp:featuredmedia":[{"embeddable":true,"href":"https:\/\/cartium.eu\/rs\/wp-json\/wp\/v2\/media\/39990"}],"wp:attachment":[{"href":"https:\/\/cartium.eu\/rs\/wp-json\/wp\/v2\/media?parent=39983"}],"wp:term":[{"taxonomy":"product_brand","embeddable":true,"href":"https:\/\/cartium.eu\/rs\/wp-json\/wp\/v2\/product_brand?post=39983"},{"taxonomy":"product_cat","embeddable":true,"href":"https:\/\/cartium.eu\/rs\/wp-json\/wp\/v2\/product_cat?post=39983"},{"taxonomy":"product_tag","embeddable":true,"href":"https:\/\/cartium.eu\/rs\/wp-json\/wp\/v2\/product_tag?post=39983"}],"curies":[{"name":"wp","href":"https:\/\/api.w.org\/{rel}","templated":true}]}}