{"id":40047,"date":"2024-01-19T11:01:06","date_gmt":"2024-01-19T10:01:06","guid":{"rendered":"https:\/\/cartium.eu\/rs\/?post_type=product&#038;p=40047"},"modified":"2024-02-14T13:22:09","modified_gmt":"2024-02-14T12:22:09","slug":"rucni-alat-za-rezanje-gipsanih-ploca","status":"publish","type":"product","link":"https:\/\/cartium.eu\/rs\/proizvod\/rucni-alat-za-rezanje-gipsanih-ploca\/","title":{"rendered":"Ru\u010dni alat za rezanje gipsanih plo\u010da"},"content":{"rendered":"","protected":false},"excerpt":{"rendered":"<p>Jednostavno, lako i efikasno secite gipsane plo\u010de sa ovim o\u0161trim ru\u010dnim alatom!<\/p>\n","protected":false},"featured_media":40052,"comment_status":"closed","ping_status":"closed","template":"","meta":{"inline_featured_image":false},"product_brand":[],"product_cat":[15],"product_tag":[],"class_list":{"0":"post-40047","1":"product","2":"type-product","3":"status-publish","4":"has-post-thumbnail","6":"product_cat-uncategorized","8":"first","9":"instock","10":"sale","11":"shipping-taxable","12":"purchasable","13":"product-type-simple"},"acf":[],"_links":{"self":[{"href":"https:\/\/cartium.eu\/rs\/wp-json\/wp\/v2\/product\/40047","targetHints":{"allow":["GET"]}}],"collection":[{"href":"https:\/\/cartium.eu\/rs\/wp-json\/wp\/v2\/product"}],"about":[{"href":"https:\/\/cartium.eu\/rs\/wp-json\/wp\/v2\/types\/product"}],"replies":[{"embeddable":true,"href":"https:\/\/cartium.eu\/rs\/wp-json\/wp\/v2\/comments?post=40047"}],"wp:featuredmedia":[{"embeddable":true,"href":"https:\/\/cartium.eu\/rs\/wp-json\/wp\/v2\/media\/40052"}],"wp:attachment":[{"href":"https:\/\/cartium.eu\/rs\/wp-json\/wp\/v2\/media?parent=40047"}],"wp:term":[{"taxonomy":"product_brand","embeddable":true,"href":"https:\/\/cartium.eu\/rs\/wp-json\/wp\/v2\/product_brand?post=40047"},{"taxonomy":"product_cat","embeddable":true,"href":"https:\/\/cartium.eu\/rs\/wp-json\/wp\/v2\/product_cat?post=40047"},{"taxonomy":"product_tag","embeddable":true,"href":"https:\/\/cartium.eu\/rs\/wp-json\/wp\/v2\/product_tag?post=40047"}],"curies":[{"name":"wp","href":"https:\/\/api.w.org\/{rel}","templated":true}]}}