{"id":40434,"date":"2024-02-12T12:19:54","date_gmt":"2024-02-12T11:19:54","guid":{"rendered":"https:\/\/cartium.eu\/rs\/?post_type=product&#038;p=40434"},"modified":"2024-02-13T14:51:57","modified_gmt":"2024-02-13T13:51:57","slug":"decija-knjiga-za-sredjivanje-princeza","status":"publish","type":"product","link":"https:\/\/cartium.eu\/rs\/proizvod\/decija-knjiga-za-sredjivanje-princeza\/","title":{"rendered":"De\u010dija knjiga za sre\u0111ivanje princeza"},"content":{"rendered":"","protected":false},"excerpt":{"rendered":"<p>Fenomenalna de\u010dija knjiga za projekte sre\u0111ivanja princeza odu\u0161evi\u0107e svaku devoj\u010dicu! Sa ovom knjigom mo\u017eete da bojite, lepite stikere, crtate ili sami krojite!<\/p>\n","protected":false},"featured_media":40439,"comment_status":"closed","ping_status":"closed","template":"","meta":{"inline_featured_image":false},"product_brand":[],"product_cat":[15],"product_tag":[],"class_list":{"0":"post-40434","1":"product","2":"type-product","3":"status-publish","4":"has-post-thumbnail","6":"product_cat-uncategorized","8":"first","9":"instock","10":"sale","11":"shipping-taxable","12":"purchasable","13":"product-type-simple"},"acf":[],"_links":{"self":[{"href":"https:\/\/cartium.eu\/rs\/wp-json\/wp\/v2\/product\/40434","targetHints":{"allow":["GET"]}}],"collection":[{"href":"https:\/\/cartium.eu\/rs\/wp-json\/wp\/v2\/product"}],"about":[{"href":"https:\/\/cartium.eu\/rs\/wp-json\/wp\/v2\/types\/product"}],"replies":[{"embeddable":true,"href":"https:\/\/cartium.eu\/rs\/wp-json\/wp\/v2\/comments?post=40434"}],"wp:featuredmedia":[{"embeddable":true,"href":"https:\/\/cartium.eu\/rs\/wp-json\/wp\/v2\/media\/40439"}],"wp:attachment":[{"href":"https:\/\/cartium.eu\/rs\/wp-json\/wp\/v2\/media?parent=40434"}],"wp:term":[{"taxonomy":"product_brand","embeddable":true,"href":"https:\/\/cartium.eu\/rs\/wp-json\/wp\/v2\/product_brand?post=40434"},{"taxonomy":"product_cat","embeddable":true,"href":"https:\/\/cartium.eu\/rs\/wp-json\/wp\/v2\/product_cat?post=40434"},{"taxonomy":"product_tag","embeddable":true,"href":"https:\/\/cartium.eu\/rs\/wp-json\/wp\/v2\/product_tag?post=40434"}],"curies":[{"name":"wp","href":"https:\/\/api.w.org\/{rel}","templated":true}]}}